{"id":1631,"date":"2022-06-06T16:29:02","date_gmt":"2022-06-06T16:29:02","guid":{"rendered":"https:\/\/web.di.uminho.pt\/sitedi\/?page_id=1631"},"modified":"2026-02-24T11:35:31","modified_gmt":"2026-02-24T11:35:31","slug":"estudantes","status":"publish","type":"page","link":"https:\/\/web.di.uminho.pt\/sitedi\/estudantes\/","title":{"rendered":"ESTUDANTES"},"content":{"rendered":"\t\t<div data-elementor-type=\"wp-page\" data-elementor-id=\"1631\" class=\"elementor elementor-1631\">\n\t\t\t\t\t\t<section class=\"ob-is-breaking-bad elementor-section elementor-top-section elementor-element elementor-element-6a685e27 elementor-section-boxed elementor-section-height-default elementor-section-height-default\" data-id=\"6a685e27\" data-element_type=\"section\" data-e-type=\"section\" data-settings=\"{&quot;_ob_bbad_use_it&quot;:&quot;yes&quot;,&quot;_ob_bbad_sssic_use&quot;:&quot;no&quot;,&quot;_ob_glider_is_slider&quot;:&quot;no&quot;}\">\n\t\t\t\t\t\t<div class=\"elementor-container elementor-column-gap-default\">\n\t\t\t\t\t<div class=\"elementor-column elementor-col-100 elementor-top-column elementor-element elementor-element-7a42427d\" data-id=\"7a42427d\" data-element_type=\"column\" data-e-type=\"column\" data-settings=\"{&quot;_ob_bbad_is_stalker&quot;:&quot;no&quot;,&quot;_ob_teleporter_use&quot;:false,&quot;_ob_column_hoveranimator&quot;:&quot;no&quot;,&quot;_ob_column_has_pseudo&quot;:&quot;no&quot;}\">\n\t\t\t<div class=\"elementor-widget-wrap elementor-element-populated\">\n\t\t\t\t\t\t<div class=\"elementor-element elementor-element-1d45cf6f ob-harakiri-inherit ob-has-background-overlay elementor-widget elementor-widget-text-editor\" data-id=\"1d45cf6f\" data-element_type=\"widget\" data-e-type=\"widget\" data-settings=\"{&quot;_ob_use_harakiri&quot;:&quot;yes&quot;,&quot;_ob_harakiri_writing_mode&quot;:&quot;inherit&quot;,&quot;_ob_postman_use&quot;:&quot;no&quot;,&quot;_ob_perspektive_use&quot;:&quot;no&quot;,&quot;_ob_poopart_use&quot;:&quot;yes&quot;,&quot;_ob_shadough_use&quot;:&quot;no&quot;,&quot;_ob_allow_hoveranimator&quot;:&quot;no&quot;,&quot;_ob_widget_stalker_use&quot;:&quot;no&quot;}\" data-widget_type=\"text-editor.default\">\n\t\t\t\t<div class=\"elementor-widget-container\">\n\t\t\t\t\t\t\t\t\t<div class=\"row\">\n  <div class=\"column\" style=\"background-color:#fff;width:85%\">\n    <h4>Liga\u00e7\u00f5es \u00fateis<\/h4><h4>\n&nbsp;\n<\/h4>\n\n<table id=\"tablepress-33\" class=\"tablepress tablepress-id-33\">\n<thead>\n<tr class=\"row-1\">\n\t<th class=\"column-1\">Geral<\/th><th class=\"column-2\">Regulamentos<\/th><th class=\"column-3\">1\u00ba Ciclo<\/th><th class=\"column-4\">2\u00ba Ciclo<\/th><th class=\"column-5\">3\u00ba Ciclo<\/th>\n<\/tr>\n<\/thead>\n<tbody class=\"row-striping row-hover\">\n<tr class=\"row-2\">\n\t<td class=\"column-1\"><a href=\"https:\/\/www.youtube.com\/watch?v=uYWOy3cNiNY\">Tutorial <img decoding=\"async\" src=\"https:\/\/upload.wikimedia.org\/wikipedia\/commons\/e\/ef\/Youtube_logo.png\" width=\"20\" \/><\/a> sobre matr\u00edculas e inscri\u00e7\u00f5es<\/td><td class=\"column-2\"><a href=\"https:\/\/alunos.uminho.pt\/PT\/estudantes\/Paginas\/InfoUteisRegulamentos.aspx\">Regulamento Acad\u00e9mico<\/a><\/td><td class=\"column-3\"><a href=\"https:\/\/www.eng.uminho.pt\/pt\/Estudar\/Paginas\/1-Ciclo.aspx\">Info 1\u00ba ciclo (EEUM)<\/a><\/td><td class=\"column-4\"><a href=\"https:\/\/www.eng.uminho.pt\/pt\/Estudar\/Paginas\/2-Ciclo.aspx\">Info 2\u00ba ciclo (EEUM)<\/a><\/td><td class=\"column-5\"><a href=\"https:\/\/www.eng.uminho.pt\/pt\/Estudar\/3-ciclo\/Paginas\/default.aspx\">Info 3\u00ba ciclo (EEUM)<\/a><\/td>\n<\/tr>\n<tr class=\"row-3\">\n\t<td class=\"column-1\"><a href=\"https:\/\/www.uminho.pt\/PT\/uminho\/Informacao-Institucional\/Paginas\/default.aspx\">U.Minho<\/a><\/td><td class=\"column-2\"><a href=\"https:\/\/alunos.uminho.pt\/PT\/estudantes\/Paginas\/InfoUteisRegulamentos.aspx\">C\u00f3digo de Conduta \u00c9tica<\/a><\/td><td class=\"column-3\"><a href=\"https:\/\/www.ecum.uminho.pt\/pt\/Ensino\/Documents\/ECUM_brochura_lic_mestrados_versao_2023_%20vers%C3%A3o%20portuguesa.pdf\">Estudar na ECUM<\/a><\/td><td class=\"column-4\"><a href=\"https:\/\/alunos.uminho.pt\/PT\/candidatos\/Mestrados\/Paginas\/default.aspx\">Candidaturas a Mestrados<\/a><\/td><td class=\"column-5\"><a href=\"https:\/\/www.eng.uminho.pt\/pt\/divulgacaoinstitucional\/provasacademicas\/Paginas\/provasacademicasteses.aspx\">Provas acad\u00e9micas (defesas de doutoramento, EEUM)<\/a><\/td>\n<\/tr>\n<tr class=\"row-4\">\n\t<td class=\"column-1\"><a href=\"https:\/\/whereis.uminho.pt\/\">Campi<\/a><\/td><td class=\"column-2\"><a href=\"https:\/\/www.psi.uminho.pt\/pt\/ensino\/Documents\/Reg_Disciplinar_Estudantes.pdf\">Regulamento Disciplinar dos Estudantes da UMinho<\/a><\/td><td class=\"column-3\">Calend\u00e1rios de exames (<a href=\"https:\/\/www.eng.uminho.pt\/pt\/divulgacaoinstitucional\/Paginas\/calendariosdeexames.aspx\">EEUM<\/a>; <a href=\"https:\/\/www.ecum.uminho.pt\/pt\/Ensino\/Paginas\/Calendario-e-Horarios.aspx\">ECUM)<\/a><\/td><td class=\"column-4\"><a href=\"https:\/\/dcmei.di.uminho.pt\/\">Temas para disserta\u00e7\u00e3o (MEI)<\/a><\/td><td class=\"column-5\"><a href=\"https:\/\/web.di.uminho.pt\/sitedi\/phds\/\">Arquivo de disserta\u00e7\u00f5es de doutoramento<\/a><\/td>\n<\/tr>\n<tr class=\"row-5\">\n\t<td class=\"column-1\"><a href=\"https:\/\/www.eng.uminho.pt\/pt\/Paginas\/default.aspx\">EEUM<\/a><\/td><td class=\"column-2\"><a href=\"https:\/\/www.eng.uminho.pt\/pt\/divulgacaoinstitucional\/documentosinternos\/Paginas\/estatutos.aspx\">Estatutos da EEUM<\/a><\/td><td class=\"column-3\">Calend\u00e1rio <a href=\"https:\/\/calendar.google.com\/calendar\/u\/0\/embed?src=e285ue13lcq28mr3pnfmthhdu4@group.calendar.google.com&amp;ctz=Europe\/Lisbon&amp;mode=AGENDA\">LEI\/MEI\/MiEI<\/a><\/td><td class=\"column-4\"><a href=\"https:\/\/web.di.uminho.pt\/sitedi\/dissertation\/\">Admiss\u00e3o \u00e0 disserta\u00e7\u00e3o<\/a><\/td><td class=\"column-5\"><a href=\"https:\/\/repositorium.sdum.uminho.pt\/\">RepositoriUM<\/a><\/td>\n<\/tr>\n<tr class=\"row-6\">\n\t<td class=\"column-1\"><a href=\"https:\/\/www.ecum.uminho.pt\/pt\">ECUM<\/a><\/td><td class=\"column-2\"><a href=\"https:\/\/www.ecum.uminho.pt\/pt\/A-Escola\/Paginas\/Estatutos.aspx\">Estatutos da ECUM<\/a><\/td><td class=\"column-3\"><\/td><td class=\"column-4\"><a href=\"http:\/\/w3.eng.uminho.pt\/limesurvey\/index.php\/832122\">Disserta\u00e7\u00e3o: submiss\u00e3o do plano de trabalhos<\/a><\/td><td class=\"column-5\"><\/td>\n<\/tr>\n<tr class=\"row-7\">\n\t<td class=\"column-1\"><a href=\"https:\/\/sou.uminho.pt\/pt\/AAUMinho\">AAUM<\/a><\/td><td class=\"column-2\"><\/td><td class=\"column-3\"><\/td><td class=\"column-4\"><a href=\"https:\/\/web.di.uminho.pt\/sitedi\/latex\/\">Templates (LaTeX) para disserta\u00e7\u00f5es<\/a><\/td><td class=\"column-5\"><\/td>\n<\/tr>\n<tr class=\"row-8\">\n\t<td class=\"column-1\"><a href=\"https:\/\/alunos.uminho.pt\/PT\/estudantes\/Paginas\/InfoUteisCalendarioEscolar.aspx\">Calend\u00e1rio Acad\u00e9mico da U.Minho<\/a><\/td><td class=\"column-2\"><\/td><td class=\"column-3\"><\/td><td class=\"column-4\"><a href=\"https:\/\/web.di.uminho.pt\/sitedi\/dissertation\/#pre\">RPD (MEI)<\/a><\/td><td class=\"column-5\"><\/td>\n<\/tr>\n<tr class=\"row-9\">\n\t<td class=\"column-1\"><a href=\"https:\/\/alunos.uminho.pt\/pt\/estudantes\/paginas\/infouteishorarios.aspx\">Hor\u00e1rios<\/a><\/td><td class=\"column-2\"><\/td><td class=\"column-3\"><\/td><td class=\"column-4\"><a href=\"http:\/\/cp.eng.uminho.pt\/Editais.aspx\">Editais (defesas de mestrado, EEUM)<\/a><\/td><td class=\"column-5\"><\/td>\n<\/tr>\n<tr class=\"row-10\">\n\t<td class=\"column-1\">Espa\u00e7os <a href=\"https:\/\/whereis.uminho.pt\/CG-07.html?floor=1\">(Edif\u00edcio E7)<\/a><\/td><td class=\"column-2\"><\/td><td class=\"column-3\"><\/td><td class=\"column-4\"><a href=\"https:\/\/web.di.uminho.pt\/sitedi\/mscs\/\">Arquivo de disserta\u00e7\u00f5es de mestrado<\/a><\/td><td class=\"column-5\"><\/td>\n<\/tr>\n<tr class=\"row-11\">\n\t<td class=\"column-1\"><a href=\"https:\/\/alunos.uminho.pt\/PT\/ProgramaOrientacao%20Documentos\/HorarioBus.pdf\">Transportes AAUM<\/a><\/td><td class=\"column-2\"><\/td><td class=\"column-3\"><\/td><td class=\"column-4\"><a href=\"https:\/\/www.di.uminho.pt\/~jno\/ps\/mef23.pdf\">Semin\u00e1rio sobre a UC de disserta\u00e7\u00e3o<\/a><\/td><td class=\"column-5\"><\/td>\n<\/tr>\n<tr class=\"row-12\">\n\t<td class=\"column-1\"><a href=\"https:\/\/tub.pt\/percurso\/43\/\">Transportes <img decoding=\"async\" src=\"https:\/\/www.cm-braga.pt\/archive\/cache\/img\/sz190x125\/Logo-Tub.jpg\" width=\"30\" \/><\/a><\/td><td class=\"column-2\"><\/td><td class=\"column-3\"><\/td><td class=\"column-4\"><\/td><td class=\"column-5\"><\/td>\n<\/tr>\n<tr class=\"row-13\">\n\t<td class=\"column-1\"><a href=\"http:\/\/www.sas.uminho.pt\/Default.aspx?tabindex=0&amp;tabid=4&amp;pageid=94&amp;lang=pt-PT\">Servi\u00e7os A.Social (Cantina: <\/a><a href=\"https:\/\/www.sas.uminho.pt\/alimentacao\/ementas\">ementas<\/a>)<\/td><td class=\"column-2\"><\/td><td class=\"column-3\"><\/td><td class=\"column-4\"><\/td><td class=\"column-5\"><\/td>\n<\/tr>\n<\/tbody>\n<\/table>\n<!-- #tablepress-33 from cache -->\n<h4>\n&nbsp;\n<\/h4><h4>Associa\u00e7\u00f5es de estudantes<\/h4>Os cursos que o DIUM oferece s\u00e3o apoiados pelas respectivas associa\u00e7\u00f5es de estudantes, compostas por alunos volunt\u00e1rios que t\u00eam como objectivo principal representar e promover os respectivos cursos.\n<p><table><tbody><tr><td><img decoding=\"async\" class=\"orla\" src=\"https:\/\/www.di.uminho.pt\/\/images\/cesium.jpg\" width=\"200\" \/><a class=\"web\" href=\"http:\/\/cesium.di.uminho.pt\" target=\"new\">Centro de Estudantes de Engenharia de Sistemas e Inform\u00e1tica<\/a> <a href=\"https:\/\/www.youtube.com\/c\/cesiumUM\"> <img decoding=\"async\" src=\"https:\/\/upload.wikimedia.org\/wikipedia\/commons\/e\/ef\/Youtube_logo.png\" width=\"20\"><\/img><\/a><\/td><\/tr><tr class=\"intervalo\"><td><\/td><\/tr><tr><td><img decoding=\"async\" src=\"https:\/\/www.di.uminho.pt\/\/images\/necc.jpg\"><\/img><a class=\"web\" href=\"http:\/\/www.necc.pt\" target=\"new\">N\u00facleo de Estudantes de Ci\u00eancias da Computa\u00e7\u00e3o<\/a><a href=\"https:\/\/www.youtube.com\/@necc981\"> <img decoding=\"async\" src=\"https:\/\/upload.wikimedia.org\/wikipedia\/commons\/e\/ef\/Youtube_logo.png\" width=\"20\"><\/img><\/a><\/td><\/tr><tr><td><img decoding=\"async\" width=\"200\" src=\"https:\/\/web.di.uminho.pt\/sitedi\/wp-content\/uploads\/sites\/11\/2023\/05\/netium.png\"><\/img><a href=\"https:\/\/netium.dsi.uminho.pt\"> N\u00facleo de Engenharia de Telecomunica\u00e7\u00f5es e Inform\u00e1tica<\/a><\/td><\/tr><tr><td><img decoding=\"async\" src=\"https:\/\/www.di.uminho.pt\/\/images\/logo_nefum.png\" width=\"200\" \/><a class=\"web\" href=\"http:\/\/nefum.di.uminho.pt\/\" target=\"new\">N\u00facleo de Estudantes de F\u00edsica e Engenharia F\u00edsica<\/a><\/td><\/tr><tr><td><img decoding=\"async\" src=\"https:\/\/www.di.uminho.pt\/\/images\/logo_nebium.png\" \/><a class=\"web\" href=\"https:\/\/www.facebook.com\/nebiuminho\" target=\"new\">N\u00facleo de Estudos de Bioinform\u00e1tica<\/a><\/td><\/tr><tr class=\"intervalo\"><td><\/td><\/tr><tr><td><img decoding=\"async\" src=\"https:\/\/www.di.uminho.pt\/\/images\/logo_gaeb.png\" \/><a class=\"web\" href=\"http:\/\/www.gaeb.pt\/\" target=\"new\">Gabinete de Alunos de Engenharia Biom\u00e9dica<\/a><\/td><\/tr><tr class=\"intervalo\"><td><\/td><\/tr><tr><td><img decoding=\"async\" src=\"https:\/\/www.di.uminho.pt\/\/images\/acm.png\" \/><a class=\"web\" href=\"http:\/\/uminho.acm.org\" target=\"new\"> N\u00facleo de Estudantes ACM SIGPLAN<\/a><\/td><\/tr><\/tbody><\/table>\n  <\/div>\n  <div class=\"column\" style=\"background-color:#fff;width:15%\">\n    <img decoding=\"async\" style=\"padding: 4%\" title=\"CG-E7\" src=\"https:\/\/web.di.uminho.pt\/sitedi\/wp-content\/uploads\/sites\/11\/2022\/07\/e7.jpg\" width=\"100%\" align=\"right\" \/>\n<h4>\n&nbsp;\n<\/h4>\n  <\/div>\n<\/div>\n\t\t\t\t\t\t\t\t<\/div>\n\t\t\t\t<\/div>\n\t\t\t\t\t<\/div>\n\t\t<\/div>\n\t\t\t\t\t<\/div>\n\t\t<\/section>\n\t\t\t\t<section class=\"ob-is-breaking-bad elementor-section elementor-top-section elementor-element elementor-element-40834ea elementor-section-boxed elementor-section-height-default elementor-section-height-default\" data-id=\"40834ea\" data-element_type=\"section\" data-e-type=\"section\" data-settings=\"{&quot;_ob_bbad_use_it&quot;:&quot;yes&quot;,&quot;_ob_bbad_sssic_use&quot;:&quot;no&quot;,&quot;_ob_glider_is_slider&quot;:&quot;no&quot;}\">\n\t\t\t\t\t\t<div class=\"elementor-container elementor-column-gap-default\">\n\t\t\t\t\t<div class=\"elementor-column elementor-col-100 elementor-top-column elementor-element elementor-element-a17dafc\" data-id=\"a17dafc\" data-element_type=\"column\" data-e-type=\"column\" data-settings=\"{&quot;_ob_bbad_is_stalker&quot;:&quot;no&quot;,&quot;_ob_teleporter_use&quot;:false,&quot;_ob_column_hoveranimator&quot;:&quot;no&quot;,&quot;_ob_column_has_pseudo&quot;:&quot;no&quot;}\">\n\t\t\t<div class=\"elementor-widget-wrap elementor-element-populated\">\n\t\t\t\t\t\t\t<\/div>\n\t\t<\/div>\n\t\t\t\t\t<\/div>\n\t\t<\/section>\n\t\t\t\t<section class=\"ob-is-breaking-bad elementor-section elementor-top-section elementor-element elementor-element-e6f74be elementor-section-boxed elementor-section-height-default elementor-section-height-default\" data-id=\"e6f74be\" data-element_type=\"section\" data-e-type=\"section\" data-settings=\"{&quot;_ob_bbad_use_it&quot;:&quot;yes&quot;,&quot;_ob_bbad_sssic_use&quot;:&quot;no&quot;,&quot;_ob_glider_is_slider&quot;:&quot;no&quot;}\">\n\t\t\t\t\t\t<div class=\"elementor-container elementor-column-gap-default\">\n\t\t\t\t\t<div class=\"elementor-column elementor-col-100 elementor-top-column elementor-element elementor-element-5f86b9c\" data-id=\"5f86b9c\" data-element_type=\"column\" data-e-type=\"column\" data-settings=\"{&quot;_ob_bbad_is_stalker&quot;:&quot;no&quot;,&quot;_ob_teleporter_use&quot;:false,&quot;_ob_column_hoveranimator&quot;:&quot;no&quot;,&quot;_ob_column_has_pseudo&quot;:&quot;no&quot;}\">\n\t\t\t<div class=\"elementor-widget-wrap elementor-element-populated\">\n\t\t\t\t\t\t\t<\/div>\n\t\t<\/div>\n\t\t\t\t\t<\/div>\n\t\t<\/section>\n\t\t\t\t<\/div>\n\t\t","protected":false},"excerpt":{"rendered":"<p>Nullam ut tempor eros. Donec faucibus, velit et imperdiet aliquam, lacus velit luctus urna, vitae porttitor orci libero id felis.<\/p>\n","protected":false},"author":5,"featured_media":18,"parent":0,"menu_order":0,"comment_status":"closed","ping_status":"closed","template":"","meta":{"_exactmetrics_skip_tracking":false,"_exactmetrics_sitenote_active":false,"_exactmetrics_sitenote_note":"","_exactmetrics_sitenote_category":0,"_themeisle_gutenberg_block_has_review":false,"footnotes":""},"class_list":["post-1631","page","type-page","status-publish","has-post-thumbnail","hentry"],"_links":{"self":[{"href":"https:\/\/web.di.uminho.pt\/sitedi\/wp-json\/wp\/v2\/pages\/1631","targetHints":{"allow":["GET"]}}],"collection":[{"href":"https:\/\/web.di.uminho.pt\/sitedi\/wp-json\/wp\/v2\/pages"}],"about":[{"href":"https:\/\/web.di.uminho.pt\/sitedi\/wp-json\/wp\/v2\/types\/page"}],"author":[{"embeddable":true,"href":"https:\/\/web.di.uminho.pt\/sitedi\/wp-json\/wp\/v2\/users\/5"}],"replies":[{"embeddable":true,"href":"https:\/\/web.di.uminho.pt\/sitedi\/wp-json\/wp\/v2\/comments?post=1631"}],"version-history":[{"count":231,"href":"https:\/\/web.di.uminho.pt\/sitedi\/wp-json\/wp\/v2\/pages\/1631\/revisions"}],"predecessor-version":[{"id":4490,"href":"https:\/\/web.di.uminho.pt\/sitedi\/wp-json\/wp\/v2\/pages\/1631\/revisions\/4490"}],"wp:featuredmedia":[{"embeddable":true,"href":"https:\/\/web.di.uminho.pt\/sitedi\/wp-json\/"}],"wp:attachment":[{"href":"https:\/\/web.di.uminho.pt\/sitedi\/wp-json\/wp\/v2\/media?parent=1631"}],"curies":[{"name":"wp","href":"https:\/\/api.w.org\/{rel}","templated":true}]}}