{"id":1676,"date":"2022-06-07T18:21:48","date_gmt":"2022-06-07T18:21:48","guid":{"rendered":"https:\/\/web.di.uminho.pt\/sitedi\/?page_id=1676"},"modified":"2024-11-25T07:46:11","modified_gmt":"2024-11-25T07:46:11","slug":"ccom","status":"publish","type":"page","link":"https:\/\/web.di.uminho.pt\/sitedi\/ccom\/","title":{"rendered":"Licenciatura em Ci\u00eancias da Computa\u00e7\u00e3o"},"content":{"rendered":"\t\t<div data-elementor-type=\"wp-page\" data-elementor-id=\"1676\" class=\"elementor elementor-1676\">\n\t\t\t\t\t\t<section class=\"ob-is-breaking-bad elementor-section elementor-top-section elementor-element elementor-element-6a685e27 elementor-section-boxed elementor-section-height-default elementor-section-height-default\" data-id=\"6a685e27\" data-element_type=\"section\" data-e-type=\"section\" data-settings=\"{&quot;_ob_bbad_use_it&quot;:&quot;yes&quot;,&quot;_ob_bbad_sssic_use&quot;:&quot;no&quot;,&quot;_ob_glider_is_slider&quot;:&quot;no&quot;}\">\n\t\t\t\t\t\t<div class=\"elementor-container elementor-column-gap-default\">\n\t\t\t\t\t<div class=\"elementor-column elementor-col-100 elementor-top-column elementor-element elementor-element-7a42427d\" data-id=\"7a42427d\" data-element_type=\"column\" data-e-type=\"column\" data-settings=\"{&quot;_ob_bbad_is_stalker&quot;:&quot;no&quot;,&quot;_ob_teleporter_use&quot;:false,&quot;_ob_column_hoveranimator&quot;:&quot;no&quot;,&quot;_ob_column_has_pseudo&quot;:&quot;no&quot;}\">\n\t\t\t<div class=\"elementor-widget-wrap elementor-element-populated\">\n\t\t\t\t\t\t<div class=\"elementor-element elementor-element-1d45cf6f ob-harakiri-inherit ob-has-background-overlay elementor-widget elementor-widget-text-editor\" data-id=\"1d45cf6f\" data-element_type=\"widget\" data-e-type=\"widget\" data-settings=\"{&quot;_ob_use_harakiri&quot;:&quot;yes&quot;,&quot;_ob_harakiri_writing_mode&quot;:&quot;inherit&quot;,&quot;_ob_postman_use&quot;:&quot;no&quot;,&quot;_ob_perspektive_use&quot;:&quot;no&quot;,&quot;_ob_poopart_use&quot;:&quot;yes&quot;,&quot;_ob_shadough_use&quot;:&quot;no&quot;,&quot;_ob_allow_hoveranimator&quot;:&quot;no&quot;,&quot;_ob_widget_stalker_use&quot;:&quot;no&quot;}\" data-widget_type=\"text-editor.default\">\n\t\t\t\t<div class=\"elementor-widget-container\">\n\t\t\t\t\t\t\t\t\t<h4>Apresenta\u00e7\u00e3o<\/h4>\n<img decoding=\"async\" style=\"padding: 2%\" title=\"LCC TBR\" src=\"https:\/\/web.di.uminho.pt\/sitedi\/wp-content\/uploads\/sites\/11\/2022\/07\/theory.jpg\" width=\"33%\" align=\"right\" \/>\nA <strong>Licenciatura em Ci\u00eancias da Computa\u00e7\u00e3o<\/strong> (LCC) \u00e9 uma forma\u00e7\u00e3o universit\u00e1ria de 1\u00ba ciclo com 3 anos de dura\u00e7\u00e3o, a funcionar desde 2006\/07. Caracteriza-se por nela se ensinar uma vis\u00e3o rigorosa da computa\u00e7\u00e3o, com uma s\u00f3lida fundamenta\u00e7\u00e3o matem\u00e1tica, que \u00e9 reconhecida nacional e internacionalmente.\n<p>\nA estrutura do curso contempla uma ampla forma\u00e7\u00e3o de base cient\u00edfica, habilitando os seus licenciados a uma vida profissional plena com as compet\u00eancias indispens\u00e1veis ao desenvolvimento harmonioso de aplica\u00e7\u00f5es inform\u00e1ticas robustas e de qualidade, e sua integra\u00e7\u00e3o em plataformas tecnol\u00f3gicas adequadas.\n<p> \nA <strong>LCC<\/strong> resultou da adequa\u00e7\u00e3o ao modelo de Bolonha da Licenciatura de 4 anos e meio em Matem\u00e1tica e Ci\u00eancias de Computa\u00e7\u00e3o, que funcionou durante 20 anos (1986-2006).\n<h4><\/h4>\n<h4>Informa\u00e7\u00e3o institucional<\/h4><ul><li>Ver este curso no <a href=\"https:\/\/www.uminho.pt\/PT\/ensino\/oferta-educativa\/Cursos-Conferentes-a-Grau\/_layouts\/15\/UMinho.PortalUM.UI\/Pages\/CatalogoCursoDetail.aspx?itemId=4496&amp;catId=14\">cat\u00e1logo de cursos da UM<\/a>.<\/li><li>Candidaturas: entrar pf. <a href=\"https:\/\/alunos.uminho.pt\/PT\/estudantes\/matriculaseinscricoes\">aqui<\/a>.<\/li><\/ul><h4>Diretor de Curso<\/h4><ul><li>Prof. <a href=\"mailto:fmiranda@math.uminho.pt\">Fernando Augusto Pinto Miranda<\/a><\/li><\/ul><h4>Associa\u00e7\u00e3o de estudantes<\/h4><ul><li><a href=\"https:\/\/necc.di.uminho.pt\">NECC<\/a><\/li><\/ul>\n<h4><\/h4>\n<h4>Plano de Estudos<\/h4>\n(O plano de estudos abaixo \u00e9 orden\u00e1vel e pesquis\u00e1vel e cont\u00e9m hiperliga\u00e7\u00f5es para as p\u00e1ginas das disciplinas lecionadas pelo <strong>DIUM<\/strong>.)\n<p>\n\n<table id=\"tablepress-1\" class=\"tablepress tablepress-id-1\">\n<thead>\n<tr class=\"row-1\">\n\t<th class=\"column-1\">UC<\/th><th class=\"column-2\">\u00c1rea Cient\u00edfica<\/th><th class=\"column-3\">Semestre<\/th><th class=\"column-4\">ECTS<\/th>\n<\/tr>\n<\/thead>\n<tbody class=\"row-striping row-hover\">\n<tr class=\"row-2\">\n\t<td class=\"column-1\">\u00c1lgebra Linear CC<\/td><td class=\"column-2\">M<\/td><td class=\"column-3\">S1<\/td><td class=\"column-4\">7,5<\/td>\n<\/tr>\n<tr class=\"row-3\">\n\t<td class=\"column-1\">C\u00e1lculo<\/td><td class=\"column-2\">M<\/td><td class=\"column-3\">S1<\/td><td class=\"column-4\">5<\/td>\n<\/tr>\n<tr class=\"row-4\">\n\t<td class=\"column-1\"><a href=\"https:\/\/www.di.uminho.pt\/~jno\/sitedi\/uc_8502T5.html\">Laborat\u00f3rios de Programa\u00e7\u00e3o I<\/a><\/td><td class=\"column-2\">TComp<\/td><td class=\"column-3\">S1<\/td><td class=\"column-4\">5<\/td>\n<\/tr>\n<tr class=\"row-5\">\n\t<td class=\"column-1\"><a href=\"https:\/\/www.di.uminho.pt\/~jno\/sitedi\/uc_8501Q8.html\">Programa\u00e7\u00e3o Funcional<\/a><\/td><td class=\"column-2\">I<\/td><td class=\"column-3\">S1<\/td><td class=\"column-4\">5<\/td>\n<\/tr>\n<tr class=\"row-6\">\n\t<td class=\"column-1\">T\u00f3picos Fundamentais de Matem\u00e1tica<\/td><td class=\"column-2\">M<\/td><td class=\"column-3\">S1<\/td><td class=\"column-4\">7,5<\/td>\n<\/tr>\n<tr class=\"row-7\">\n\t<td class=\"column-1\">An\u00e1lise Matem\u00e1tica<\/td><td class=\"column-2\">M<\/td><td class=\"column-3\">S2<\/td><td class=\"column-4\">5<\/td>\n<\/tr>\n<tr class=\"row-8\">\n\t<td class=\"column-1\"><a href=\"https:\/\/www.di.uminho.pt\/~jno\/sitedi\/uc_8504P1.html\">Laborat\u00f3rios de Programa\u00e7\u00e3o II<\/a><\/td><td class=\"column-2\">TComp<\/td><td class=\"column-3\">S2<\/td><td class=\"column-4\">5<\/td>\n<\/tr>\n<tr class=\"row-9\">\n\t<td class=\"column-1\">Matem\u00e1tica Discreta<\/td><td class=\"column-2\">M<\/td><td class=\"column-3\">S2<\/td><td class=\"column-4\">5<\/td>\n<\/tr>\n<tr class=\"row-10\">\n\t<td class=\"column-1\">Op\u00e7\u00e3o UMinho<\/td><td class=\"column-2\"><\/td><td class=\"column-3\">S2<\/td><td class=\"column-4\">5<\/td>\n<\/tr>\n<tr class=\"row-11\">\n\t<td class=\"column-1\"><a href=\"https:\/\/www.di.uminho.pt\/~jno\/sitedi\/uc_8502T4.html\">Programa\u00e7\u00e3o Imperativa<\/a><\/td><td class=\"column-2\">I<\/td><td class=\"column-3\">S2<\/td><td class=\"column-4\">5<\/td>\n<\/tr>\n<tr class=\"row-12\">\n\t<td class=\"column-1\"><a href=\"https:\/\/www.di.uminho.pt\/~jno\/sitedi\/uc_8502N6.html\">Sistemas de Computa\u00e7\u00e3o<\/a><\/td><td class=\"column-2\">I<\/td><td class=\"column-3\">S2<\/td><td class=\"column-4\">5<\/td>\n<\/tr>\n<tr class=\"row-13\">\n\t<td class=\"column-1\">\u00c1lgebra<\/td><td class=\"column-2\">M<\/td><td class=\"column-3\">S3<\/td><td class=\"column-4\">7,5<\/td>\n<\/tr>\n<tr class=\"row-14\">\n\t<td class=\"column-1\"><a href=\"https:\/\/www.di.uminho.pt\/~jno\/sitedi\/uc_8503O8.html\">Algoritmos e Complexidade<\/a><\/td><td class=\"column-2\">I<\/td><td class=\"column-3\">S3<\/td><td class=\"column-4\">5<\/td>\n<\/tr>\n<tr class=\"row-15\">\n\t<td class=\"column-1\">An\u00e1lise Num\u00e9rica<\/td><td class=\"column-2\">M<\/td><td class=\"column-3\">S3<\/td><td class=\"column-4\">7,5<\/td>\n<\/tr>\n<tr class=\"row-16\">\n\t<td class=\"column-1\">L\u00f3gica CC<\/td><td class=\"column-2\">M<\/td><td class=\"column-3\">S3<\/td><td class=\"column-4\">5<\/td>\n<\/tr>\n<tr class=\"row-17\">\n\t<td class=\"column-1\"><a href=\"https:\/\/www.di.uminho.pt\/~jno\/sitedi\/uc_8503O9.html\">Sistemas de Comunica\u00e7\u00f5es e Redes<\/a><\/td><td class=\"column-2\">TComp<\/td><td class=\"column-3\">S3<\/td><td class=\"column-4\">5<\/td>\n<\/tr>\n<tr class=\"row-18\">\n\t<td class=\"column-1\">Aut\u00f3matos e Linguagens Formais<\/td><td class=\"column-2\">CComp<\/td><td class=\"column-3\">S4<\/td><td class=\"column-4\">5<\/td>\n<\/tr>\n<tr class=\"row-19\">\n\t<td class=\"column-1\"><a href=\"https:\/\/www.di.uminho.pt\/~jno\/sitedi\/uc_8505N6.html\">Bases de Dados<\/a><\/td><td class=\"column-2\">I<\/td><td class=\"column-3\">S4<\/td><td class=\"column-4\">5<\/td>\n<\/tr>\n<tr class=\"row-20\">\n\t<td class=\"column-1\">Probabilidades Aplicada<\/td><td class=\"column-2\">M<\/td><td class=\"column-3\">S4<\/td><td class=\"column-4\">7,5<\/td>\n<\/tr>\n<tr class=\"row-21\">\n\t<td class=\"column-1\"><a href=\"https:\/\/www.di.uminho.pt\/~jno\/sitedi\/uc_8504P4.html\">Programa\u00e7\u00e3o Orientada aos Objetos<\/a><\/td><td class=\"column-2\">I<\/td><td class=\"column-3\">S4<\/td><td class=\"column-4\">5<\/td>\n<\/tr>\n<tr class=\"row-22\">\n\t<td class=\"column-1\"><a href=\"https:\/\/www.di.uminho.pt\/~jno\/sitedi\/uc_8504P5.html\">Sistemas Operativos<\/a><\/td><td class=\"column-2\">I<\/td><td class=\"column-3\">S4<\/td><td class=\"column-4\">5<\/td>\n<\/tr>\n<tr class=\"row-23\">\n\t<td class=\"column-1\">Teoria das Categorias CC<\/td><td class=\"column-2\">M<\/td><td class=\"column-3\">S4<\/td><td class=\"column-4\">5<\/td>\n<\/tr>\n<tr class=\"row-24\">\n\t<td class=\"column-1\">Aprendizagem Estat\u00edstica CC<\/td><td class=\"column-2\">M<\/td><td class=\"column-3\">S5<\/td><td class=\"column-4\">5<\/td>\n<\/tr>\n<tr class=\"row-25\">\n\t<td class=\"column-1\"><a href=\"https:\/\/www.di.uminho.pt\/~jno\/sitedi\/uc_8504P3.html\">C\u00e1lculo de Programas<\/a><\/td><td class=\"column-2\">I<\/td><td class=\"column-3\">S5<\/td><td class=\"column-4\">5<\/td>\n<\/tr>\n<tr class=\"row-26\">\n\t<td class=\"column-1\">Computabilidade e Complexidade<\/td><td class=\"column-2\">CComp<\/td><td class=\"column-3\">S5<\/td><td class=\"column-4\">7,5<\/td>\n<\/tr>\n<tr class=\"row-27\">\n\t<td class=\"column-1\"><a href=\"https:\/\/www.di.uminho.pt\/~jno\/sitedi\/uc_8505O5.html\">L\u00f3gica Computacional<\/a><\/td><td class=\"column-2\">CComp<\/td><td class=\"column-3\">S5<\/td><td class=\"column-4\">5<\/td>\n<\/tr>\n<tr class=\"row-28\">\n\t<td class=\"column-1\"><a href=\"https:\/\/www.di.uminho.pt\/~jno\/sitedi\/uc_8505O7.html\">Processamento de Linguagens e Compiladores<\/a><\/td><td class=\"column-2\">TComp<\/td><td class=\"column-3\">S5<\/td><td class=\"column-4\">5<\/td>\n<\/tr>\n<tr class=\"row-29\">\n\t<td class=\"column-1\">Teoria de N\u00fameros Computacional<\/td><td class=\"column-2\">M<\/td><td class=\"column-3\">S5<\/td><td class=\"column-4\">5<\/td>\n<\/tr>\n<tr class=\"row-30\">\n\t<td class=\"column-1\">Aprendizagem Computacional<\/td><td class=\"column-2\">TComp<\/td><td class=\"column-3\">S6<\/td><td class=\"column-4\">5<\/td>\n<\/tr>\n<tr class=\"row-31\">\n\t<td class=\"column-1\"><a href=\"https:\/\/www.di.uminho.pt\/~jno\/sitedi\/uc_8506O7.html\">Fundamentos de Criptografia e Seguran\u00e7a da Informa\u00e7\u00e3o CC<\/a><\/td><td class=\"column-2\">CComp<\/td><td class=\"column-3\">S6<\/td><td class=\"column-4\">5<\/td>\n<\/tr>\n<tr class=\"row-32\">\n\t<td class=\"column-1\"><a href=\"https:\/\/www.di.uminho.pt\/~jno\/sitedi\/uc_8506N7.html\">Op\u00e7\u00e3o : Computa\u00e7\u00e3o Gr\u00e1fica<\/a><\/td><td class=\"column-2\">I<\/td><td class=\"column-3\">S6<\/td><td class=\"column-4\">5<\/td>\n<\/tr>\n<tr class=\"row-33\">\n\t<td class=\"column-1\">Op\u00e7\u00e3o : Geometria<\/td><td class=\"column-2\">M<\/td><td class=\"column-3\">S6<\/td><td class=\"column-4\">5<\/td>\n<\/tr>\n<tr class=\"row-34\">\n\t<td class=\"column-1\">Otimiza\u00e7\u00e3o<\/td><td class=\"column-2\">M<\/td><td class=\"column-3\">S6<\/td><td class=\"column-4\"><\/td>\n<\/tr>\n<tr class=\"row-35\">\n\t<td class=\"column-1\"><a href=\"https:\/\/www.di.uminho.pt\/~jno\/sitedi\/uc_8506O6.html\">Programa\u00e7\u00e3o Concorrente<\/a><\/td><td class=\"column-2\">CComp<\/td><td class=\"column-3\">S6<\/td><td class=\"column-4\">5<\/td>\n<\/tr>\n<tr class=\"row-36\">\n\t<td class=\"column-1\"><a href=\"https:\/\/www.di.uminho.pt\/~jno\/sitedi\/uc_8506O8.html\">Sem\u00e2ntica das Linguagens de Programa\u00e7\u00e3o<\/a><\/td><td class=\"column-2\">CComp<\/td><td class=\"column-3\">S6<\/td><td class=\"column-4\">5<\/td>\n<\/tr>\n<\/tbody>\n<\/table>\n<!-- #tablepress-1 from cache -->\n\t\t\t\t\t\t\t\t<\/div>\n\t\t\t\t<\/div>\n\t\t\t\t\t<\/div>\n\t\t<\/div>\n\t\t\t\t\t<\/div>\n\t\t<\/section>\n\t\t\t\t<\/div>\n\t\t","protected":false},"excerpt":{"rendered":"<p>Nullam ut tempor eros. Donec faucibus, velit et imperdiet aliquam, lacus velit luctus urna, vitae porttitor orci libero id felis.<\/p>\n","protected":false},"author":5,"featured_media":18,"parent":0,"menu_order":0,"comment_status":"closed","ping_status":"closed","template":"","meta":{"_exactmetrics_skip_tracking":false,"_exactmetrics_sitenote_active":false,"_exactmetrics_sitenote_note":"","_exactmetrics_sitenote_category":0,"_themeisle_gutenberg_block_has_review":false,"footnotes":""},"class_list":["post-1676","page","type-page","status-publish","has-post-thumbnail","hentry"],"_links":{"self":[{"href":"https:\/\/web.di.uminho.pt\/sitedi\/wp-json\/wp\/v2\/pages\/1676","targetHints":{"allow":["GET"]}}],"collection":[{"href":"https:\/\/web.di.uminho.pt\/sitedi\/wp-json\/wp\/v2\/pages"}],"about":[{"href":"https:\/\/web.di.uminho.pt\/sitedi\/wp-json\/wp\/v2\/types\/page"}],"author":[{"embeddable":true,"href":"https:\/\/web.di.uminho.pt\/sitedi\/wp-json\/wp\/v2\/users\/5"}],"replies":[{"embeddable":true,"href":"https:\/\/web.di.uminho.pt\/sitedi\/wp-json\/wp\/v2\/comments?post=1676"}],"version-history":[{"count":48,"href":"https:\/\/web.di.uminho.pt\/sitedi\/wp-json\/wp\/v2\/pages\/1676\/revisions"}],"predecessor-version":[{"id":3979,"href":"https:\/\/web.di.uminho.pt\/sitedi\/wp-json\/wp\/v2\/pages\/1676\/revisions\/3979"}],"wp:featuredmedia":[{"embeddable":true,"href":"https:\/\/web.di.uminho.pt\/sitedi\/wp-json\/"}],"wp:attachment":[{"href":"https:\/\/web.di.uminho.pt\/sitedi\/wp-json\/wp\/v2\/media?parent=1676"}],"curies":[{"name":"wp","href":"https:\/\/api.w.org\/{rel}","templated":true}]}}