{"id":1684,"date":"2022-06-07T18:28:55","date_gmt":"2022-06-07T18:28:55","guid":{"rendered":"https:\/\/web.di.uminho.pt\/sitedi\/?page_id=1684"},"modified":"2025-07-21T15:51:45","modified_gmt":"2025-07-21T15:51:45","slug":"enginf","status":"publish","type":"page","link":"https:\/\/web.di.uminho.pt\/sitedi\/enginf\/","title":{"rendered":"Licenciatura em Engenharia Inform\u00e1tica"},"content":{"rendered":"\t\t<div data-elementor-type=\"wp-page\" data-elementor-id=\"1684\" class=\"elementor elementor-1684\">\n\t\t\t\t\t\t<section class=\"ob-is-breaking-bad elementor-section elementor-top-section elementor-element elementor-element-6a685e27 elementor-section-boxed elementor-section-height-default elementor-section-height-default\" data-id=\"6a685e27\" data-element_type=\"section\" data-e-type=\"section\" data-settings=\"{&quot;_ob_bbad_use_it&quot;:&quot;yes&quot;,&quot;_ob_bbad_sssic_use&quot;:&quot;no&quot;,&quot;_ob_glider_is_slider&quot;:&quot;no&quot;}\">\n\t\t\t\t\t\t<div class=\"elementor-container elementor-column-gap-default\">\n\t\t\t\t\t<div class=\"elementor-column elementor-col-100 elementor-top-column elementor-element elementor-element-7a42427d\" data-id=\"7a42427d\" data-element_type=\"column\" data-e-type=\"column\" data-settings=\"{&quot;_ob_bbad_is_stalker&quot;:&quot;no&quot;,&quot;_ob_teleporter_use&quot;:false,&quot;_ob_column_hoveranimator&quot;:&quot;no&quot;,&quot;_ob_column_has_pseudo&quot;:&quot;no&quot;}\">\n\t\t\t<div class=\"elementor-widget-wrap elementor-element-populated\">\n\t\t\t\t\t\t<div class=\"elementor-element elementor-element-1d45cf6f ob-harakiri-inherit ob-has-background-overlay elementor-widget elementor-widget-text-editor\" data-id=\"1d45cf6f\" data-element_type=\"widget\" data-e-type=\"widget\" data-settings=\"{&quot;_ob_use_harakiri&quot;:&quot;yes&quot;,&quot;_ob_harakiri_writing_mode&quot;:&quot;inherit&quot;,&quot;_ob_postman_use&quot;:&quot;no&quot;,&quot;_ob_perspektive_use&quot;:&quot;no&quot;,&quot;_ob_poopart_use&quot;:&quot;yes&quot;,&quot;_ob_shadough_use&quot;:&quot;no&quot;,&quot;_ob_allow_hoveranimator&quot;:&quot;no&quot;,&quot;_ob_widget_stalker_use&quot;:&quot;no&quot;}\" data-widget_type=\"text-editor.default\">\n\t\t\t\t<div class=\"elementor-widget-container\">\n\t\t\t\t\t\t\t\t\t<a href=\"http:\/\/lei.di.uminho.pt\">(This page in English)<\/a>\n<p>\n<h4>Apresenta\u00e7\u00e3o<\/h4>\n<img decoding=\"async\" style=\"padding: 2%\" title=\"logo LEI\" src=\"https:\/\/web.di.uminho.pt\/sitedi\/wp-content\/uploads\/sites\/11\/2022\/07\/enginf.png\" width=\"33%\" align=\"right\" \/>\nUma licenciatura em <strong>Engenharia Inform\u00e1tica<\/strong> \u00e9 a escolha certa para quem \u00e9 apaixonado por tecnologia, resolu\u00e7\u00e3o de problemas e inova\u00e7\u00e3o.\nAbre portas a uma carreira din\u00e2mica, onde se pode conceber sistemas inteligentes, desenvolver software de ponta e impulsionar a transforma\u00e7\u00e3o digital de ind\u00fastrias em todo o mundo. Tem:\n<ul>\n \t<li>Elevada procura \u2013 Os especialistas em tecnologia s\u00e3o necess\u00e1rios em todos os lugares<\/li>\n \t<li>Infinitas possibilidades \u2013 IA, ciberseguran\u00e7a, desenvolvimento de software e muito mais<\/li>\n \t<li>Aprendizagem pr\u00e1tica \u2013 Transformar ideias em realidade com projetos reais<\/li>\n \t<li>Oportunidades de carreira globais \u2013 Trabalhar em empresas de topo ou criar a pr\u00f3pria startup.<\/li>\n<\/ul>\nA Licenciatura em Eng. Inform\u00e1tica (<strong>LEI<\/strong>) da UMinho \u00e9 um dos mais antigos cursos de inform\u00e1tica do pa\u00eds, com reputa\u00e7\u00e3o nacional e internacional.\nVisa preparar licenciados em <strong>Engenharia Inform\u00e1tica<\/strong> aptos em todas as fases do desenvolvimento de software tais como a an\u00e1lise, a conce\u00e7\u00e3o, a implementa\u00e7\u00e3o e a instala\u00e7\u00e3o de software.\n\u00c9 adquirida s\u00f3lida forma\u00e7\u00e3o te\u00f3rica e pr\u00e1tica na an\u00e1lise de problemas, nas t\u00e9cnicas de constru\u00e7\u00e3o de prot\u00f3tipos, bem como no seu teste, refinamento e instala\u00e7\u00e3o, na manuten\u00e7\u00e3o de aplica\u00e7\u00f5es, e nas redes que as suportam.\n\n<p>\nOs graduados da <strong>LEI<\/strong> devem conseguir aplicar os seus conhecimentos de inform\u00e1tica, ci\u00eancias e engenharia na resolu\u00e7\u00e3o de problemas espec\u00edficos de Engenharia Inform\u00e1tica.\nComo futuros engenheiros dever\u00e3o, tamb\u00e9m, ter sempre a preocupa\u00e7\u00e3o do rigor, quer na conce\u00e7\u00e3o quer na implementa\u00e7\u00e3o das solu\u00e7\u00f5es, avaliando a sua qualidade, custos e impacto, quer na implanta\u00e7\u00e3o das solu\u00e7\u00f5es quer nas organiza\u00e7\u00f5es de destino.\n<h4><\/h4>\n<h4>Informa\u00e7\u00e3o institucional<\/h4><ul><li>Ver este curso no <a href=\"https:\/\/www.eng.uminho.pt\/pt\/Estudar\/_layouts\/15\/UMinho.PortaisUOEI.UI\/Pages\/CatalogoCursoDetail.aspx?itemId=5470&amp;catId=16\">cat\u00e1logo de cursos<\/a> da <\/a><a href=\"https:\/\/www.eng.uminho.pt\/pt\/Estudar\/_layouts\/15\/UMinho.PortaisUOEI.UI\/Pages\/CatalogoCursoDetail.aspx?itemId=4346&amp;catId=13\">UM<\/a><\/li><li>Candidaturas: entrar pf. <a href=\"https:\/\/alunos.uminho.pt\/PT\/estudantes\/matriculaseinscricoes\">aqui<\/a>.<\/li><\/ul><h4>Diretor de Curso<\/h4><ul><li>Prof. <a href=\"mailto:jose.campos@di.uminho.pt\">Jos\u00e9 Francisco Creissac Freitas Campos<\/a><\/li><\/ul><h4>Associa\u00e7\u00e3o de estudantes<\/h4>\n<ul><li><a href=\"https:\/\/cesium.di.uminho.pt\">CESIUM<\/a><\/li><\/ul>\n<h4><\/h4>\n<h4>Plano de Estudos<\/h4>\n(O plano de estudos abaixo \u00e9 orden\u00e1vel e pesquis\u00e1vel e cont\u00e9m hiperliga\u00e7\u00f5es para as p\u00e1ginas das disciplinas lecionadas pelo <strong>DIUM<\/strong>.)\n<p>\n\n<table id=\"tablepress-5\" class=\"tablepress tablepress-id-5\">\n<thead>\n<tr class=\"row-1\">\n\t<th class=\"column-1\">UC<\/th><th class=\"column-2\">\u00c1rea Cient\u00edfica<\/th><th class=\"column-3\">Semestre<\/th><th class=\"column-4\">ECTS<\/th><th class=\"column-5\">Horas T.<\/th><th class=\"column-6\">T<\/th><th class=\"column-7\">TP<\/th><th class=\"column-8\">PL<\/th><th class=\"column-9\">OT<\/th>\n<\/tr>\n<\/thead>\n<tbody class=\"row-striping row-hover\">\n<tr class=\"row-2\">\n\t<td class=\"column-1\">\u00c1lgebra Linear para Engenharia<\/td><td class=\"column-2\">M<\/td><td class=\"column-3\">S1<\/td><td class=\"column-4\">5<\/td><td class=\"column-5\">140<\/td><td class=\"column-6\">30<\/td><td class=\"column-7\">30<\/td><td class=\"column-8\"><\/td><td class=\"column-9\"><\/td>\n<\/tr>\n<tr class=\"row-3\">\n\t<td class=\"column-1\">C\u00e1lculo para Engenharia<\/td><td class=\"column-2\">M<\/td><td class=\"column-3\">S1<\/td><td class=\"column-4\">5<\/td><td class=\"column-5\">140<\/td><td class=\"column-6\">30<\/td><td class=\"column-7\">30<\/td><td class=\"column-8\"><\/td><td class=\"column-9\"><\/td>\n<\/tr>\n<tr class=\"row-4\">\n\t<td class=\"column-1\"><a href=\"https:\/\/www.di.uminho.pt\/~jno\/sitedi\/uc_J301N6.html\">Laborat\u00f3rios de Inform\u00e1tica I<\/a><\/td><td class=\"column-2\">I<\/td><td class=\"column-3\">S1<\/td><td class=\"column-4\">5<\/td><td class=\"column-5\">140<\/td><td class=\"column-6\"><\/td><td class=\"column-7\"><\/td><td class=\"column-8\">30<\/td><td class=\"column-9\"><\/td>\n<\/tr>\n<tr class=\"row-5\">\n\t<td class=\"column-1\">Op\u00e7\u00e3o UMinho<\/td><td class=\"column-2\"><\/td><td class=\"column-3\">S1<\/td><td class=\"column-4\">5<\/td><td class=\"column-5\">140<\/td><td class=\"column-6\"><\/td><td class=\"column-7\"><\/td><td class=\"column-8\"><\/td><td class=\"column-9\"><\/td>\n<\/tr>\n<tr class=\"row-6\">\n\t<td class=\"column-1\"><a href=\"https:\/\/www.di.uminho.pt\/~jno\/sitedi\/uc_J301N4.html\">Programa\u00e7\u00e3o Funcional<\/a><\/td><td class=\"column-2\">I<\/td><td class=\"column-3\">S1<\/td><td class=\"column-4\">5<\/td><td class=\"column-5\">140<\/td><td class=\"column-6\">30<\/td><td class=\"column-7\">30<\/td><td class=\"column-8\"><\/td><td class=\"column-9\"><\/td>\n<\/tr>\n<tr class=\"row-7\">\n\t<td class=\"column-1\">T\u00f3picos de Matem\u00e1tica Discreta<\/td><td class=\"column-2\">M<\/td><td class=\"column-3\">S1<\/td><td class=\"column-4\">5<\/td><td class=\"column-5\">140<\/td><td class=\"column-6\">30<\/td><td class=\"column-7\">30<\/td><td class=\"column-8\"><\/td><td class=\"column-9\"><\/td>\n<\/tr>\n<tr class=\"row-8\">\n\t<td class=\"column-1\">An\u00e1lise Matem\u00e1tica para Engenharia<\/td><td class=\"column-2\">M<\/td><td class=\"column-3\">S2<\/td><td class=\"column-4\">5<\/td><td class=\"column-5\">140<\/td><td class=\"column-6\">30<\/td><td class=\"column-7\">30<\/td><td class=\"column-8\"><\/td><td class=\"column-9\"><\/td>\n<\/tr>\n<tr class=\"row-9\">\n\t<td class=\"column-1\">Elementos de Probabilidades e Teoria de N\u00fameros<\/td><td class=\"column-2\">M<\/td><td class=\"column-3\">S2<\/td><td class=\"column-4\">5<\/td><td class=\"column-5\">140<\/td><td class=\"column-6\">30<\/td><td class=\"column-7\">30<\/td><td class=\"column-8\"><\/td><td class=\"column-9\"><\/td>\n<\/tr>\n<tr class=\"row-10\">\n\t<td class=\"column-1\"><a href=\"https:\/\/www.di.uminho.pt\/~jno\/sitedi\/uc_J302N6.html\">Laborat\u00f3rios de Inform\u00e1tica II<\/a><\/td><td class=\"column-2\">I<\/td><td class=\"column-3\">S2<\/td><td class=\"column-4\">5<\/td><td class=\"column-5\">140<\/td><td class=\"column-6\"><\/td><td class=\"column-7\"><\/td><td class=\"column-8\">30<\/td><td class=\"column-9\"><\/td>\n<\/tr>\n<tr class=\"row-11\">\n\t<td class=\"column-1\">L\u00f3gica<\/td><td class=\"column-2\">M<\/td><td class=\"column-3\">S2<\/td><td class=\"column-4\">5<\/td><td class=\"column-5\">140<\/td><td class=\"column-6\">30<\/td><td class=\"column-7\">30<\/td><td class=\"column-8\"><\/td><td class=\"column-9\"><\/td>\n<\/tr>\n<tr class=\"row-12\">\n\t<td class=\"column-1\"><a href=\"https:\/\/www.di.uminho.pt\/~jno\/sitedi\/uc_J302N5.html\">Programa\u00e7\u00e3o Imperativa<\/a><\/td><td class=\"column-2\">I<\/td><td class=\"column-3\">S2<\/td><td class=\"column-4\">5<\/td><td class=\"column-5\">140<\/td><td class=\"column-6\">30<\/td><td class=\"column-7\">30<\/td><td class=\"column-8\"><\/td><td class=\"column-9\"><\/td>\n<\/tr>\n<tr class=\"row-13\">\n\t<td class=\"column-1\"><a href=\"https:\/\/www.di.uminho.pt\/~jno\/sitedi\/uc_J302N1.html\">Sistemas de Computa\u00e7\u00e3o<\/a><\/td><td class=\"column-2\">I<\/td><td class=\"column-3\">S2<\/td><td class=\"column-4\">5<\/td><td class=\"column-5\">140<\/td><td class=\"column-6\">30<\/td><td class=\"column-7\"><\/td><td class=\"column-8\">30<\/td><td class=\"column-9\"><\/td>\n<\/tr>\n<tr class=\"row-14\">\n\t<td class=\"column-1\"><a href=\"https:\/\/www.di.uminho.pt\/~jno\/sitedi\/uc_J303N6.html\">Algoritmos e Complexidade<\/a><\/td><td class=\"column-2\">I<\/td><td class=\"column-3\">S3<\/td><td class=\"column-4\">5<\/td><td class=\"column-5\">140<\/td><td class=\"column-6\">30<\/td><td class=\"column-7\">30<\/td><td class=\"column-8\"><\/td><td class=\"column-9\"><\/td>\n<\/tr>\n<tr class=\"row-15\">\n\t<td class=\"column-1\"><a href=\"https:\/\/www.di.uminho.pt\/~jno\/sitedi\/uc_J303N4.html\">Arquitetura de Computadores<\/a><\/td><td class=\"column-2\">I<\/td><td class=\"column-3\">S3<\/td><td class=\"column-4\">5<\/td><td class=\"column-5\">140<\/td><td class=\"column-6\">30<\/td><td class=\"column-7\"><\/td><td class=\"column-8\">30<\/td><td class=\"column-9\"><\/td>\n<\/tr>\n<tr class=\"row-16\">\n\t<td class=\"column-1\"><a href=\"https:\/\/www.di.uminho.pt\/~jno\/sitedi\/uc_J304N3.html\">Bases de Dados<\/a><\/td><td class=\"column-2\">I<\/td><td class=\"column-3\">S3<\/td><td class=\"column-4\">5<\/td><td class=\"column-5\">140<\/td><td class=\"column-6\">30<\/td><td class=\"column-7\"><\/td><td class=\"column-8\">30<\/td><td class=\"column-9\"><\/td>\n<\/tr>\n<tr class=\"row-17\">\n\t<td class=\"column-1\">Estat\u00edstica Aplicada<\/td><td class=\"column-2\">MQ<\/td><td class=\"column-3\">S3<\/td><td class=\"column-4\">5<\/td><td class=\"column-5\">140<\/td><td class=\"column-6\">30<\/td><td class=\"column-7\">30<\/td><td class=\"column-8\"><\/td><td class=\"column-9\"><\/td>\n<\/tr>\n<tr class=\"row-18\">\n\t<td class=\"column-1\"><a href=\"https:\/\/www.di.uminho.pt\/~jno\/sitedi\/uc_J303N5.html\">Fundamentos de Comunica\u00e7\u00e3o de Dados<\/a><\/td><td class=\"column-2\">I<\/td><td class=\"column-3\">S3<\/td><td class=\"column-4\">5<\/td><td class=\"column-5\">140<\/td><td class=\"column-6\">30<\/td><td class=\"column-7\">30<\/td><td class=\"column-8\"><\/td><td class=\"column-9\"><\/td>\n<\/tr>\n<tr class=\"row-19\">\n\t<td class=\"column-1\"><a href=\"https:\/\/www.di.uminho.pt\/~jno\/sitedi\/uc_J303N1.html\">Laborat\u00f3rios de Inform\u00e1tica III<\/a><\/td><td class=\"column-2\">I<\/td><td class=\"column-3\">S3<\/td><td class=\"column-4\">5<\/td><td class=\"column-5\">140<\/td><td class=\"column-6\"><\/td><td class=\"column-7\"><\/td><td class=\"column-8\">30<\/td><td class=\"column-9\"><\/td>\n<\/tr>\n<tr class=\"row-20\">\n\t<td class=\"column-1\">F\u00edsica Moderna<\/td><td class=\"column-2\">Fis<\/td><td class=\"column-3\">S4<\/td><td class=\"column-4\">5<\/td><td class=\"column-5\">140<\/td><td class=\"column-6\">30<\/td><td class=\"column-7\">30<\/td><td class=\"column-8\"><\/td><td class=\"column-9\"><\/td>\n<\/tr>\n<tr class=\"row-21\">\n\t<td class=\"column-1\"><a href=\"https:\/\/www.di.uminho.pt\/~jno\/sitedi\/uc_J306N1.html\">Interface Pessoa-M\u00e1quina<\/a><\/td><td class=\"column-2\">I<\/td><td class=\"column-3\">S4<\/td><td class=\"column-4\">5<\/td><td class=\"column-5\">140<\/td><td class=\"column-6\">30<\/td><td class=\"column-7\"><\/td><td class=\"column-8\">30<\/td><td class=\"column-9\"><\/td>\n<\/tr>\n<tr class=\"row-22\">\n\t<td class=\"column-1\">Investiga\u00e7\u00e3o Operacional<\/td><td class=\"column-2\">CE<\/td><td class=\"column-3\">S4<\/td><td class=\"column-4\">5<\/td><td class=\"column-5\">140<\/td><td class=\"column-6\">30<\/td><td class=\"column-7\">30<\/td><td class=\"column-8\"><\/td><td class=\"column-9\"><\/td>\n<\/tr>\n<tr class=\"row-23\">\n\t<td class=\"column-1\"><a href=\"https:\/\/www.di.uminho.pt\/~jno\/sitedi\/uc_J304N2.html\">Programa\u00e7\u00e3o Orientada aos Objetos<\/a><\/td><td class=\"column-2\">I<\/td><td class=\"column-3\">S4<\/td><td class=\"column-4\">5<\/td><td class=\"column-5\">140<\/td><td class=\"column-6\">30<\/td><td class=\"column-7\"><\/td><td class=\"column-8\">30<\/td><td class=\"column-9\"><\/td>\n<\/tr>\n<tr class=\"row-24\">\n\t<td class=\"column-1\"><a href=\"https:\/\/www.di.uminho.pt\/~jno\/sitedi\/uc_J304N6.html\">Redes de Computadores<\/a><\/td><td class=\"column-2\">I<\/td><td class=\"column-3\">S4<\/td><td class=\"column-4\">5<\/td><td class=\"column-5\">140<\/td><td class=\"column-6\">30<\/td><td class=\"column-7\"><\/td><td class=\"column-8\">30<\/td><td class=\"column-9\"><\/td>\n<\/tr>\n<tr class=\"row-25\">\n\t<td class=\"column-1\"><a href=\"https:\/\/www.di.uminho.pt\/~jno\/sitedi\/uc_J304N1.html\">Sistemas Operativos<\/a><\/td><td class=\"column-2\">I<\/td><td class=\"column-3\">S4<\/td><td class=\"column-4\">5<\/td><td class=\"column-5\">140<\/td><td class=\"column-6\">30<\/td><td class=\"column-7\"><\/td><td class=\"column-8\">30<\/td><td class=\"column-9\"><\/td>\n<\/tr>\n<tr class=\"row-26\">\n\t<td class=\"column-1\"><a href=\"https:\/\/www.di.uminho.pt\/~jno\/sitedi\/uc_J305N1.html\">C\u00e1lculo de Programas<\/a><\/td><td class=\"column-2\">I<\/td><td class=\"column-3\">S5<\/td><td class=\"column-4\">5<\/td><td class=\"column-5\">140<\/td><td class=\"column-6\">30<\/td><td class=\"column-7\">30<\/td><td class=\"column-8\"><\/td><td class=\"column-9\"><\/td>\n<\/tr>\n<tr class=\"row-27\">\n\t<td class=\"column-1\"><a href=\"https:\/\/www.di.uminho.pt\/~jno\/sitedi\/uc_J305N5.html\">Comunica\u00e7\u00f5es por Computador<\/a><\/td><td class=\"column-2\">I<\/td><td class=\"column-3\">S5<\/td><td class=\"column-4\">5<\/td><td class=\"column-5\">140<\/td><td class=\"column-6\">30<\/td><td class=\"column-7\"><\/td><td class=\"column-8\">30<\/td><td class=\"column-9\"><\/td>\n<\/tr>\n<tr class=\"row-28\">\n\t<td class=\"column-1\"><a href=\"https:\/\/www.di.uminho.pt\/~jno\/sitedi\/uc_J305N2.html\">Desenvolvimento de Sistemas de S\/W<\/a><\/td><td class=\"column-2\">I<\/td><td class=\"column-3\">S5<\/td><td class=\"column-4\">5<\/td><td class=\"column-5\">140<\/td><td class=\"column-6\">30<\/td><td class=\"column-7\"><\/td><td class=\"column-8\">30<\/td><td class=\"column-9\"><\/td>\n<\/tr>\n<tr class=\"row-29\">\n\t<td class=\"column-1\"><a href=\"https:\/\/www.di.uminho.pt\/~jno\/sitedi\/uc_J305N3.html\">Intelig\u00eancia Artificial<\/a><\/td><td class=\"column-2\">I<\/td><td class=\"column-3\">S5<\/td><td class=\"column-4\">5<\/td><td class=\"column-5\">140<\/td><td class=\"column-6\">30<\/td><td class=\"column-7\"><\/td><td class=\"column-8\">30<\/td><td class=\"column-9\"><\/td>\n<\/tr>\n<tr class=\"row-30\">\n\t<td class=\"column-1\">M\u00e9todos Num\u00e9ricos e Otimiza\u00e7\u00e3o N\u00e3o Linear<\/td><td class=\"column-2\">MQ<\/td><td class=\"column-3\">S5<\/td><td class=\"column-4\">5<\/td><td class=\"column-5\">140<\/td><td class=\"column-6\">30<\/td><td class=\"column-7\"><\/td><td class=\"column-8\">30<\/td><td class=\"column-9\"><\/td>\n<\/tr>\n<tr class=\"row-31\">\n\t<td class=\"column-1\"><a href=\"https:\/\/www.di.uminho.pt\/~jno\/sitedi\/uc_J305N4.html\">Sistemas Distribu\u00eddos<\/a><\/td><td class=\"column-2\">I<\/td><td class=\"column-3\">S5<\/td><td class=\"column-4\">5<\/td><td class=\"column-5\">140<\/td><td class=\"column-6\">30<\/td><td class=\"column-7\"><\/td><td class=\"column-8\">30<\/td><td class=\"column-9\"><\/td>\n<\/tr>\n<tr class=\"row-32\">\n\t<td class=\"column-1\"><a href=\"https:\/\/www.di.uminho.pt\/~jno\/sitedi\/uc_J306N5.html\">Aprendizagem e Decis\u00e3o Inteligentes<\/a><\/td><td class=\"column-2\">I<\/td><td class=\"column-3\">S6<\/td><td class=\"column-4\">5<\/td><td class=\"column-5\">140<\/td><td class=\"column-6\">30<\/td><td class=\"column-7\"><\/td><td class=\"column-8\">30<\/td><td class=\"column-9\"><\/td>\n<\/tr>\n<tr class=\"row-33\">\n\t<td class=\"column-1\"><a href=\"https:\/\/www.di.uminho.pt\/~jno\/sitedi\/uc_J306N2.html\">Computa\u00e7\u00e3o Gr\u00e1fica<\/a><\/td><td class=\"column-2\">I<\/td><td class=\"column-3\">S6<\/td><td class=\"column-4\">5<\/td><td class=\"column-5\">140<\/td><td class=\"column-6\">30<\/td><td class=\"column-7\"><\/td><td class=\"column-8\">30<\/td><td class=\"column-9\"><\/td>\n<\/tr>\n<tr class=\"row-34\">\n\t<td class=\"column-1\"><a href=\"https:\/\/www.di.uminho.pt\/~jno\/sitedi\/uc_J305N6.html\">Laborat\u00f3rios de Inform\u00e1tica IV<\/a><\/td><td class=\"column-2\">I<\/td><td class=\"column-3\">S6<\/td><td class=\"column-4\">5<\/td><td class=\"column-5\">140<\/td><td class=\"column-6\"><\/td><td class=\"column-7\"><\/td><td class=\"column-8\"><\/td><td class=\"column-9\">20<\/td>\n<\/tr>\n<tr class=\"row-35\">\n\t<td class=\"column-1\">Op\u00e7\u00e3o<\/td><td class=\"column-2\"><\/td><td class=\"column-3\">S6<\/td><td class=\"column-4\">5<\/td><td class=\"column-5\">140<\/td><td class=\"column-6\"><\/td><td class=\"column-7\"><\/td><td class=\"column-8\"><\/td><td class=\"column-9\"><\/td>\n<\/tr>\n<tr class=\"row-36\">\n\t<td class=\"column-1\"><a href=\"https:\/\/www.di.uminho.pt\/~jno\/sitedi\/uc_J306N4.html\">Processamento de Linguagens<\/a><\/td><td class=\"column-2\">I<\/td><td class=\"column-3\">S6<\/td><td class=\"column-4\">5<\/td><td class=\"column-5\">140<\/td><td class=\"column-6\">30<\/td><td class=\"column-7\"><\/td><td class=\"column-8\">30<\/td><td class=\"column-9\"><\/td>\n<\/tr>\n<tr class=\"row-37\">\n\t<td class=\"column-1\"><a href=\"https:\/\/www.di.uminho.pt\/~jno\/sitedi\/uc_J306N3.html\">Seguran\u00e7a de Sistemas Inform\u00e1ticos<\/a><\/td><td class=\"column-2\">I<\/td><td class=\"column-3\">S6<\/td><td class=\"column-4\">5<\/td><td class=\"column-5\">140<\/td><td class=\"column-6\">30<\/td><td class=\"column-7\"><\/td><td class=\"column-8\">30<\/td><td class=\"column-9\"><\/td>\n<\/tr>\n<\/tbody>\n<\/table>\n<!-- #tablepress-5 from cache -->\n\t\t\t\t\t\t\t\t<\/div>\n\t\t\t\t<\/div>\n\t\t\t\t\t<\/div>\n\t\t<\/div>\n\t\t\t\t\t<\/div>\n\t\t<\/section>\n\t\t\t\t<\/div>\n\t\t","protected":false},"excerpt":{"rendered":"<p>Nullam ut tempor eros. Donec faucibus, velit et imperdiet aliquam, lacus velit luctus urna, vitae porttitor orci libero id felis.<\/p>\n","protected":false},"author":5,"featured_media":18,"parent":0,"menu_order":0,"comment_status":"closed","ping_status":"closed","template":"","meta":{"_exactmetrics_skip_tracking":false,"_exactmetrics_sitenote_active":false,"_exactmetrics_sitenote_note":"","_exactmetrics_sitenote_category":0,"_themeisle_gutenberg_block_has_review":false,"footnotes":""},"class_list":["post-1684","page","type-page","status-publish","has-post-thumbnail","hentry"],"_links":{"self":[{"href":"https:\/\/web.di.uminho.pt\/sitedi\/wp-json\/wp\/v2\/pages\/1684","targetHints":{"allow":["GET"]}}],"collection":[{"href":"https:\/\/web.di.uminho.pt\/sitedi\/wp-json\/wp\/v2\/pages"}],"about":[{"href":"https:\/\/web.di.uminho.pt\/sitedi\/wp-json\/wp\/v2\/types\/page"}],"author":[{"embeddable":true,"href":"https:\/\/web.di.uminho.pt\/sitedi\/wp-json\/wp\/v2\/users\/5"}],"replies":[{"embeddable":true,"href":"https:\/\/web.di.uminho.pt\/sitedi\/wp-json\/wp\/v2\/comments?post=1684"}],"version-history":[{"count":67,"href":"https:\/\/web.di.uminho.pt\/sitedi\/wp-json\/wp\/v2\/pages\/1684\/revisions"}],"predecessor-version":[{"id":4374,"href":"https:\/\/web.di.uminho.pt\/sitedi\/wp-json\/wp\/v2\/pages\/1684\/revisions\/4374"}],"wp:featuredmedia":[{"embeddable":true,"href":"https:\/\/web.di.uminho.pt\/sitedi\/wp-json\/"}],"wp:attachment":[{"href":"https:\/\/web.di.uminho.pt\/sitedi\/wp-json\/wp\/v2\/media?parent=1684"}],"curies":[{"name":"wp","href":"https:\/\/api.w.org\/{rel}","templated":true}]}}