{"id":17,"date":"2016-02-12T08:09:36","date_gmt":"2016-02-12T08:09:36","guid":{"rendered":"http:\/\/demos.famethemes.com\/onepress\/?page_id=17"},"modified":"2022-07-28T08:56:33","modified_gmt":"2022-07-28T08:56:33","slug":"atrium","status":"publish","type":"page","link":"https:\/\/web.di.uminho.pt\/sitedi\/atrium\/","title":{"rendered":"Atrium"},"content":{"rendered":"\t\t<div data-elementor-type=\"wp-page\" data-elementor-id=\"17\" class=\"elementor elementor-17\">\n\t\t\t\t\t\t<section class=\"ob-is-breaking-bad elementor-section elementor-top-section elementor-element elementor-element-6a685e27 elementor-section-boxed elementor-section-height-default elementor-section-height-default\" data-id=\"6a685e27\" data-element_type=\"section\" data-e-type=\"section\" data-settings=\"{&quot;_ob_bbad_use_it&quot;:&quot;yes&quot;,&quot;_ob_bbad_sssic_use&quot;:&quot;no&quot;,&quot;_ob_glider_is_slider&quot;:&quot;no&quot;}\">\n\t\t\t\t\t\t<div class=\"elementor-container elementor-column-gap-default\">\n\t\t\t\t\t<div class=\"elementor-column elementor-col-100 elementor-top-column elementor-element elementor-element-7a42427d\" data-id=\"7a42427d\" data-element_type=\"column\" data-e-type=\"column\" data-settings=\"{&quot;_ob_bbad_is_stalker&quot;:&quot;no&quot;,&quot;_ob_teleporter_use&quot;:false,&quot;_ob_column_hoveranimator&quot;:&quot;no&quot;,&quot;_ob_column_has_pseudo&quot;:&quot;no&quot;}\">\n\t\t\t<div class=\"elementor-widget-wrap elementor-element-populated\">\n\t\t\t\t\t\t<div class=\"elementor-element elementor-element-1d45cf6f ob-harakiri-inherit ob-has-background-overlay elementor-widget elementor-widget-text-editor\" data-id=\"1d45cf6f\" data-element_type=\"widget\" data-e-type=\"widget\" data-settings=\"{&quot;_ob_use_harakiri&quot;:&quot;yes&quot;,&quot;_ob_harakiri_writing_mode&quot;:&quot;inherit&quot;,&quot;_ob_postman_use&quot;:&quot;no&quot;,&quot;_ob_perspektive_use&quot;:&quot;no&quot;,&quot;_ob_poopart_use&quot;:&quot;yes&quot;,&quot;_ob_shadough_use&quot;:&quot;no&quot;,&quot;_ob_allow_hoveranimator&quot;:&quot;no&quot;,&quot;_ob_widget_stalker_use&quot;:&quot;no&quot;}\" data-widget_type=\"text-editor.default\">\n\t\t\t\t<div class=\"elementor-widget-container\">\n\t\t\t\t\t\t\t\t\t<p>Se est\u00e1 no Departamento pode aceder ao <strong>ATRIUM<\/strong> <a href=\"http:\/\/atrium.di.uminho.pt\">aqui<\/a>.<\/p><p>O <strong>ATRIUM<\/strong> \u00e9 um sistema de pain\u00e9is informativos desenvolvido e instalado no Departamento de Inform\u00e1tica, dispon\u00edvel nos v\u00e1rios ecr\u00e3s de divulga\u00e7\u00e3o instalados nos \u00e1trios do edif\u00edcio do departamento ou atrav\u00e9s de qualquer dispositivos computacional com acesso \u00e0 rede interna do departamento. O sistema ATRIUM disponibiliza permanentemente informa\u00e7\u00e3o sobre alguns aspetos pertinentes do dia a dia do quotidiano do Departamento de Inform\u00e1tica, nomeadamente:<\/p><ul><li>agenda do dia<\/li><li>aulas em curso (unidade curricular e curso, hora de in\u00edcio e fim, sala)<\/li><li>planos de leciona\u00e7\u00e3o di\u00e1rios: unidade curricular e curso, hora de in\u00edcio e fim e sala<\/li><li>informa\u00e7\u00e3o meteorol\u00f3gica da regi\u00e3o<\/li><li>ementas da cantina da universidade<\/li><li>publica\u00e7\u00f5es realizados pelos membros do departamento<br \/>realiza\u00e7\u00e3o de provas acad\u00e9micas (mestrados e doutoramentos)<\/li><li>not\u00edcias sobre portugal (gerais, ci\u00eancia, tecnologia. etc.)<\/li><li>realiza\u00e7\u00e3o de eventos de interesse para a comunidade do departamento.<\/li><\/ul>\t\t\t\t\t\t\t\t<\/div>\n\t\t\t\t<\/div>\n\t\t\t\t\t<\/div>\n\t\t<\/div>\n\t\t\t\t\t<\/div>\n\t\t<\/section>\n\t\t\t\t<\/div>\n\t\t","protected":false},"excerpt":{"rendered":"<p>Nullam ut tempor eros. Donec faucibus, velit et imperdiet aliquam, lacus velit luctus urna, vitae porttitor orci libero id felis.<\/p>\n","protected":false},"author":6,"featured_media":18,"parent":0,"menu_order":0,"comment_status":"closed","ping_status":"closed","template":"","meta":{"_exactmetrics_skip_tracking":false,"_exactmetrics_sitenote_active":false,"_exactmetrics_sitenote_note":"","_exactmetrics_sitenote_category":0,"_themeisle_gutenberg_block_has_review":false,"footnotes":""},"class_list":["post-17","page","type-page","status-publish","has-post-thumbnail","hentry"],"_links":{"self":[{"href":"https:\/\/web.di.uminho.pt\/sitedi\/wp-json\/wp\/v2\/pages\/17","targetHints":{"allow":["GET"]}}],"collection":[{"href":"https:\/\/web.di.uminho.pt\/sitedi\/wp-json\/wp\/v2\/pages"}],"about":[{"href":"https:\/\/web.di.uminho.pt\/sitedi\/wp-json\/wp\/v2\/types\/page"}],"author":[{"embeddable":true,"href":"https:\/\/web.di.uminho.pt\/sitedi\/wp-json\/wp\/v2\/users\/6"}],"replies":[{"embeddable":true,"href":"https:\/\/web.di.uminho.pt\/sitedi\/wp-json\/wp\/v2\/comments?post=17"}],"version-history":[{"count":25,"href":"https:\/\/web.di.uminho.pt\/sitedi\/wp-json\/wp\/v2\/pages\/17\/revisions"}],"predecessor-version":[{"id":2476,"href":"https:\/\/web.di.uminho.pt\/sitedi\/wp-json\/wp\/v2\/pages\/17\/revisions\/2476"}],"wp:featuredmedia":[{"embeddable":true,"href":"https:\/\/web.di.uminho.pt\/sitedi\/wp-json\/"}],"wp:attachment":[{"href":"https:\/\/web.di.uminho.pt\/sitedi\/wp-json\/wp\/v2\/media?parent=17"}],"curies":[{"name":"wp","href":"https:\/\/api.w.org\/{rel}","templated":true}]}}