{"id":1717,"date":"2022-06-07T22:30:21","date_gmt":"2022-06-07T22:30:21","guid":{"rendered":"https:\/\/web.di.uminho.pt\/sitedi\/?page_id=1717"},"modified":"2024-08-21T08:44:28","modified_gmt":"2024-08-21T08:44:28","slug":"eventos","status":"publish","type":"page","link":"https:\/\/web.di.uminho.pt\/sitedi\/eventos\/","title":{"rendered":"Not\u00edcias"},"content":{"rendered":"\t\t<div data-elementor-type=\"wp-page\" data-elementor-id=\"1717\" class=\"elementor elementor-1717\">\n\t\t\t\t\t\t<section class=\"ob-is-breaking-bad elementor-section elementor-top-section elementor-element elementor-element-5d520df5 elementor-section-boxed elementor-section-height-default elementor-section-height-default\" data-id=\"5d520df5\" data-element_type=\"section\" data-e-type=\"section\" data-settings=\"{&quot;_ob_bbad_use_it&quot;:&quot;yes&quot;,&quot;_ob_bbad_sssic_use&quot;:&quot;no&quot;,&quot;_ob_glider_is_slider&quot;:&quot;no&quot;}\">\n\t\t\t\t\t\t<div class=\"elementor-container elementor-column-gap-default\">\n\t\t\t\t\t<div class=\"elementor-column elementor-col-100 elementor-top-column elementor-element elementor-element-63298168\" data-id=\"63298168\" data-element_type=\"column\" data-e-type=\"column\" data-settings=\"{&quot;_ob_bbad_is_stalker&quot;:&quot;no&quot;,&quot;_ob_teleporter_use&quot;:false,&quot;_ob_column_hoveranimator&quot;:&quot;no&quot;,&quot;_ob_column_has_pseudo&quot;:&quot;no&quot;}\">\n\t\t\t<div class=\"elementor-widget-wrap elementor-element-populated\">\n\t\t\t\t\t\t<div class=\"elementor-element elementor-element-3d15e88e ob-harakiri-inherit ob-has-background-overlay elementor-widget elementor-widget-text-editor\" data-id=\"3d15e88e\" data-element_type=\"widget\" data-e-type=\"widget\" data-settings=\"{&quot;_ob_use_harakiri&quot;:&quot;yes&quot;,&quot;_ob_harakiri_writing_mode&quot;:&quot;inherit&quot;,&quot;_ob_postman_use&quot;:&quot;no&quot;,&quot;_ob_perspektive_use&quot;:&quot;no&quot;,&quot;_ob_poopart_use&quot;:&quot;yes&quot;,&quot;_ob_shadough_use&quot;:&quot;no&quot;,&quot;_ob_allow_hoveranimator&quot;:&quot;no&quot;,&quot;_ob_widget_stalker_use&quot;:&quot;no&quot;}\" data-widget_type=\"text-editor.default\">\n\t\t\t\t<div class=\"elementor-widget-container\">\n\t\t\t\t\t\t\t\t\t<h6>Not\u00edcias ou eventos no DIUM<\/h6>\n<ul>\n \t<li><a href=\"https:\/\/www.facebook.com\/DIUMinho\">Not\u00edcias mais recentes<\/a> no Facebook do DIUM.<\/li>\n \t<li>A forma\u00e7\u00e3o em <strong>Computa\u00e7\u00e3o Qu\u00e2ntica<\/strong> na Universidade do Minho <img decoding=\"async\" style=\"padding: 3%\" title=\"CG-E\" src=\"https:\/\/quantumready.eu\/eqrcmedals_coin_level1.svg\" width=\"20%\" align=\"right\" \/>(<a href=\"https:\/\/web.di.uminho.pt\/sitedi\/cursos\/\">Eng. Fis)<\/a> passou a ter o reconhecimento do <em>European Quantum Readiness Center<\/em> (<a href=\"https:\/\/quantumready.eu\/#\/\">EQRC<\/a>)\u00a0 como <a href=\"https:\/\/quantumready.eu\/#\/accords\/educational\">Educational Accord<\/a>. Este reconhecimento permite \u00e0 U.Minho usar o selo do EQRC na documenta\u00e7\u00e3o e informa\u00e7\u00e3o respectiva.<\/li>\n \t<li>\u201c<em>Computa\u00e7\u00e3o sem Fronteiras<\/em>\u201d, atividade do programa Ver\u00e3o no Campus promovida pelo <strong>DIUM<\/strong> com o apoio do <strong>INESCTEC<\/strong> e da <strong>ENSICO<\/strong>, <img decoding=\"async\" style=\"padding: 3%\" title=\"CG-E\" src=\"https:\/\/web.di.uminho.pt\/sitedi\/wp-content\/uploads\/sites\/11\/2024\/07\/vnc24.jpg\" width=\"30%\" align=\"right\" \/>contou com a participa\u00e7\u00e3o de 24 alunos do ensino secund\u00e1rio e decorreu de 22 a 26 de julho. A atividade pretendeu cativar jovens\u00a0 para a \u00e1rea da computa\u00e7\u00e3o e inform\u00e1tica, mostrando-lhes as oportunidades e os desafios de um curso e uma carreira nessa \u00e1rea.<\/li>\n \t<li>A <a href=\"https:\/\/www.facebook.com\/DIUMinho\"><strong>Cerim\u00f3nia de Jubila\u00e7\u00e3o<\/strong><\/a> do Prof. <a href=\"https:\/\/www.di.uminho.pt\/~jno\/sitedi\/nm_43.html\">Alberto Proen\u00e7a<\/a> ter\u00e1 lugar no pr\u00f3ximo dia 14 de Junho, \u00e0s 15h, no Campus de Gualtar, CP2 &#8211; <a href=\"https:\/\/whereis.uminho.pt\/CG-02.html?floor=2\"> Anfiteatro B1<\/a>. <img decoding=\"async\" style=\"padding: 5%\" title=\"CG-E\" src=\"https:\/\/web.di.uminho.pt\/sitedi\/wp-content\/uploads\/sites\/11\/2024\/05\/AJP-jubila.png\" width=\"40%\" align=\"left\" \/><\/li>\n \t<li>Celebra\u00e7\u00e3o dos 20 anos da Bioinform\u00e1tica na UMinho<\/a> (30 Abril, 2024)<\/li>\n \t<li><a href=\"https:\/\/bioinformaticsopendays.com\/\"><strong>Bioinformatics Open Days<\/strong> <\/a>&#8211; XIII edi\u00e7\u00e3o  (14-16 Mar\u00e7o, 2024)<\/li>\n \t<li><a href=\"https:\/\/2024.seium.org\/\"><strong>SEI<\/strong> &#8211; Semana da Engenharia Inform\u00e1tica<\/a> (6-9 Fevereiro, 2024)<\/li>\n \t<li>\u201c<em>Computa\u00e7\u00e3o sem Fronteiras<\/em>\u201d, uma atividade do programa <a href=\"https:\/\/www.youtube.com\/watch?v=S8WpIPJECvE&amp;t=1s\">Ver\u00e3o no Campus&#8217;23<\/a>, promovida pelo <strong>DIUM<\/strong> com o apoio do <strong>INESCTEC<\/strong> e da <strong>ENSICO<\/strong>, contou com a participa\u00e7\u00e3o de cerca de 20 alunos do ensino secund\u00e1rio e decorreu de 17 a 21 de Julho.<\/li>\n \t<li>12\u00ba Edi\u00e7\u00e3o das Jornadas <a href=\"https:\/\/netium.pt\/\"><strong>COMUNICA+<\/strong> <\/a> (16-17 de Maio, 2023)<\/li>\n \t<li><a href=\"https:\/\/coderdojobraga.org\/dojocon\"><strong>DojoCon<\/strong> &#8211; CoderDojo Braga<\/a> (24-25 de Mar\u00e7o, 2023)<\/li>\n \t<li><a href=\"https:\/\/x.com\/Bioinf_OpenDays\"><strong>Bioinformatics Open Days<\/strong> <\/a>&#8211; XII edi\u00e7\u00e3o  (16-18 Mar\u00e7o, 2023)<\/li>\n \t<li><a href=\"https:\/\/2023.seium.org\/\"><strong>SEI<\/strong> &#8211; Semana da Engenharia Inform\u00e1tica<\/a> (14-17 Fevereiro, 2023)<\/li>\n \t<li><strong>Semin\u00e1rio do DI:<\/strong> \u201c<em>Software 2.0: vamos deixar de programar? <img decoding=\"async\" style=\"padding: 2%\" title=\"CG-E\" src=\"https:\/\/web.di.uminho.pt\/sitedi\/wp-content\/uploads\/sites\/11\/2023\/02\/SeminarioDI-1FEV2023.png\" width=\"30%\" align=\"right\" \/><\/em>\u201d, DI-A1, 1-Fev, 2023, 14h30.<\/li>\n \t<li><a href=\"https:\/\/codeweek.cesium.di.uminho.pt\/\">EU Code Week 2022 @ University of Minho<\/a> (October 17 &#8211; 21, 2022)<\/li>\n \t<li>\u201c<em>Computa\u00e7\u00e3o sem Fronteiras<\/em>\u201d, uma das atividades do programa Ver\u00e3o no Campus, promovida pelo <strong>DIUM<\/strong> com o apoio do <strong>INESCTEC<\/strong> e da <strong>ENSICO<\/strong>, contou com a participa\u00e7\u00e3o de cerca de 20 alunos do ensino secund\u00e1rio e decorreu de 18 a 22 de julho.\nOs participantes da edi\u00e7\u00e3o de 2022, oriundos de v\u00e1rias escolas secund\u00e1rias do norte do pa\u00eds, tiveram a oportunidade de interagir durante a semana com investigadores de diferentes \u00e1reas da Inform\u00e1tica e, <img decoding=\"async\" style=\"padding: 2%\" title=\"CG-E\" src=\"https:\/\/web.di.uminho.pt\/sitedi\/wp-content\/uploads\/sites\/11\/2022\/07\/vnc22.jpg\" width=\"30%\" align=\"right\" \/> com isso, aprender mais sobre Computa\u00e7\u00e3o Qu\u00e2ntica, Sistemas Distribu\u00eddos e Protocolos, Criptografia e Seguran\u00e7a da Informa\u00e7\u00e3o e Programa\u00e7\u00e3o Funcional.<\/li>\n \t<li><a href=\"https:\/\/x.com\/Bioinf_OpenDays\"><strong>Bioinformatics Open Days<\/strong> <\/a>&#8211; XI edi\u00e7\u00e3o  (3-5 Mar\u00e7o, 2022)<\/li>\n \t<li><a href=\"https:\/\/x.com\/Bioinf_OpenDays\"><strong>Bioinformatics Open Days<\/strong> <\/a>&#8211; X edi\u00e7\u00e3o  (5-8 Abril, 2021)<\/li>\n \t<li><a href=\"https:\/\/www.di.uminho.pt\/eventos.html\">Not\u00edcias anteriores<\/a>.<\/li>\n<\/ul>\nSe est\u00e1 na intranet do <strong>DIUM<\/strong>\u00a0 pode aceder aos an\u00fancios de eventos no <strong><a href=\"http:\/\/atrium.di.uminho.pt\">ATRIUM<\/a>.<\/strong>\t\t\t\t\t\t\t\t<\/div>\n\t\t\t\t<\/div>\n\t\t\t\t\t<\/div>\n\t\t<\/div>\n\t\t\t\t\t<\/div>\n\t\t<\/section>\n\t\t\t\t<\/div>\n\t\t","protected":false},"excerpt":{"rendered":"<p>Not\u00edcias ou eventos no DIUM Not\u00edcias mais recentes no Facebook do DIUM. A forma\u00e7\u00e3o em Computa\u00e7\u00e3o Qu\u00e2ntica na Universidade do Minho (Eng. Fis) passou a ter o reconhecimento do European &#8230;<\/p>\n","protected":false},"author":5,"featured_media":0,"parent":0,"menu_order":0,"comment_status":"closed","ping_status":"closed","template":"","meta":{"_exactmetrics_skip_tracking":false,"_exactmetrics_sitenote_active":false,"_exactmetrics_sitenote_note":"","_exactmetrics_sitenote_category":0,"_themeisle_gutenberg_block_has_review":false,"footnotes":""},"class_list":["post-1717","page","type-page","status-publish","hentry"],"_links":{"self":[{"href":"https:\/\/web.di.uminho.pt\/sitedi\/wp-json\/wp\/v2\/pages\/1717","targetHints":{"allow":["GET"]}}],"collection":[{"href":"https:\/\/web.di.uminho.pt\/sitedi\/wp-json\/wp\/v2\/pages"}],"about":[{"href":"https:\/\/web.di.uminho.pt\/sitedi\/wp-json\/wp\/v2\/types\/page"}],"author":[{"embeddable":true,"href":"https:\/\/web.di.uminho.pt\/sitedi\/wp-json\/wp\/v2\/users\/5"}],"replies":[{"embeddable":true,"href":"https:\/\/web.di.uminho.pt\/sitedi\/wp-json\/wp\/v2\/comments?post=1717"}],"version-history":[{"count":116,"href":"https:\/\/web.di.uminho.pt\/sitedi\/wp-json\/wp\/v2\/pages\/1717\/revisions"}],"predecessor-version":[{"id":3950,"href":"https:\/\/web.di.uminho.pt\/sitedi\/wp-json\/wp\/v2\/pages\/1717\/revisions\/3950"}],"wp:attachment":[{"href":"https:\/\/web.di.uminho.pt\/sitedi\/wp-json\/wp\/v2\/media?parent=1717"}],"curies":[{"name":"wp","href":"https:\/\/api.w.org\/{rel}","templated":true}]}}