{"id":1836,"date":"2022-06-15T10:42:45","date_gmt":"2022-06-15T10:42:45","guid":{"rendered":"https:\/\/web.di.uminho.pt\/sitedi\/?page_id=1836"},"modified":"2022-07-09T06:26:02","modified_gmt":"2022-07-09T06:26:02","slug":"abrevs","status":"publish","type":"page","link":"https:\/\/web.di.uminho.pt\/sitedi\/abrevs\/","title":{"rendered":"abreviaturas"},"content":{"rendered":"\t\t<div data-elementor-type=\"wp-page\" data-elementor-id=\"1836\" class=\"elementor elementor-1836\">\n\t\t\t\t\t\t<section class=\"ob-is-breaking-bad elementor-section elementor-top-section elementor-element elementor-element-b171b33 elementor-section-boxed elementor-section-height-default elementor-section-height-default\" data-id=\"b171b33\" data-element_type=\"section\" data-e-type=\"section\" data-settings=\"{&quot;_ob_bbad_use_it&quot;:&quot;yes&quot;,&quot;_ob_bbad_sssic_use&quot;:&quot;no&quot;,&quot;_ob_glider_is_slider&quot;:&quot;no&quot;}\">\n\t\t\t\t\t\t<div class=\"elementor-container elementor-column-gap-default\">\n\t\t\t\t\t<div class=\"elementor-column elementor-col-100 elementor-top-column elementor-element elementor-element-42e7efe5\" data-id=\"42e7efe5\" data-element_type=\"column\" data-e-type=\"column\" data-settings=\"{&quot;_ob_bbad_is_stalker&quot;:&quot;no&quot;,&quot;_ob_teleporter_use&quot;:false,&quot;_ob_column_hoveranimator&quot;:&quot;no&quot;,&quot;_ob_column_has_pseudo&quot;:&quot;no&quot;}\">\n\t\t\t<div class=\"elementor-widget-wrap elementor-element-populated\">\n\t\t\t\t\t\t<div class=\"elementor-element elementor-element-621d9c2e ob-harakiri-inherit ob-has-background-overlay elementor-widget elementor-widget-text-editor\" data-id=\"621d9c2e\" data-element_type=\"widget\" data-e-type=\"widget\" data-settings=\"{&quot;_ob_use_harakiri&quot;:&quot;yes&quot;,&quot;_ob_harakiri_writing_mode&quot;:&quot;inherit&quot;,&quot;_ob_postman_use&quot;:&quot;no&quot;,&quot;_ob_perspektive_use&quot;:&quot;no&quot;,&quot;_ob_poopart_use&quot;:&quot;yes&quot;,&quot;_ob_shadough_use&quot;:&quot;no&quot;,&quot;_ob_allow_hoveranimator&quot;:&quot;no&quot;,&quot;_ob_widget_stalker_use&quot;:&quot;no&quot;}\" data-widget_type=\"text-editor.default\">\n\t\t\t\t<div class=\"elementor-widget-container\">\n\t\t\t\t\t\t\t\t\t<h3><strong>Dicion\u00e1rio de abreviaturas<\/strong><\/h3><p>\n<table id=\"tablepress-8\" class=\"tablepress tablepress-id-8\">\n<thead>\n<tr class=\"row-1\">\n\t<th class=\"column-1\">Abreviatura<\/th><th class=\"column-2\">Contexto<\/th><th class=\"column-3\">Designa\u00e7\u00e3o<\/th>\n<\/tr>\n<\/thead>\n<tbody class=\"row-striping row-hover\">\n<tr class=\"row-2\">\n\t<td class=\"column-1\">E<\/td><td class=\"column-2\">Tipo de aula<\/td><td class=\"column-3\">Est\u00e1gio<\/td>\n<\/tr>\n<tr class=\"row-3\">\n\t<td class=\"column-1\">O<\/td><td class=\"column-2\">Tipo de aula<\/td><td class=\"column-3\">Outra<\/td>\n<\/tr>\n<tr class=\"row-4\">\n\t<td class=\"column-1\">OT<\/td><td class=\"column-2\">Tipo de aula<\/td><td class=\"column-3\">Orienta\u00e7\u00e3o Tutorial<\/td>\n<\/tr>\n<tr class=\"row-5\">\n\t<td class=\"column-1\">PL<\/td><td class=\"column-2\">Tipo de aula<\/td><td class=\"column-3\">Pr\u00e1tica Laboratorial<\/td>\n<\/tr>\n<tr class=\"row-6\">\n\t<td class=\"column-1\">S<\/td><td class=\"column-2\">Tipo de aula<\/td><td class=\"column-3\">Semin\u00e1rio<\/td>\n<\/tr>\n<tr class=\"row-7\">\n\t<td class=\"column-1\">T<\/td><td class=\"column-2\">Tipo de aula<\/td><td class=\"column-3\">Te\u00f3rica<\/td>\n<\/tr>\n<tr class=\"row-8\">\n\t<td class=\"column-1\">TC<\/td><td class=\"column-2\">Tipo de aula<\/td><td class=\"column-3\">Trabalho de Campo<\/td>\n<\/tr>\n<tr class=\"row-9\">\n\t<td class=\"column-1\">TP<\/td><td class=\"column-2\">Tipo de aula<\/td><td class=\"column-3\">Te\u00f3rico-pr\u00e1tica<\/td>\n<\/tr>\n<tr class=\"row-10\">\n\t<td class=\"column-1\">CG<\/td><td class=\"column-2\">Perfil<\/td><td class=\"column-3\">Computa\u00e7\u00e3o Gr\u00e1fica<\/td>\n<\/tr>\n<tr class=\"row-11\">\n\t<td class=\"column-1\">CSI<\/td><td class=\"column-2\">Perfil<\/td><td class=\"column-3\">Criptografia e Seguran\u00e7a da Informa\u00e7\u00e3o<\/td>\n<\/tr>\n<tr class=\"row-12\">\n\t<td class=\"column-1\">EA<\/td><td class=\"column-2\">Perfil<\/td><td class=\"column-3\">Engenharia de Aplica\u00e7\u00f5es<\/td>\n<\/tr>\n<tr class=\"row-13\">\n\t<td class=\"column-1\">EC<\/td><td class=\"column-2\">Perfil<\/td><td class=\"column-3\">Engenharia de Conhecimento<\/td>\n<\/tr>\n<tr class=\"row-14\">\n\t<td class=\"column-1\">EI<\/td><td class=\"column-2\">Perfil<\/td><td class=\"column-3\">Engenharia Internet<\/td>\n<\/tr>\n<tr class=\"row-15\">\n\t<td class=\"column-1\">EL<\/td><td class=\"column-2\">Perfil<\/td><td class=\"column-3\">Engenharia de Linguagens<\/td>\n<\/tr>\n<tr class=\"row-16\">\n\t<td class=\"column-1\">MFP<\/td><td class=\"column-2\">Perfil<\/td><td class=\"column-3\">M\u00e9todos Formais de Programa\u00e7\u00e3o<\/td>\n<\/tr>\n<tr class=\"row-17\">\n\t<td class=\"column-1\">RNG<\/td><td class=\"column-2\">Perfil<\/td><td class=\"column-3\">Redes de Nova Gera\u00e7\u00e3o<\/td>\n<\/tr>\n<tr class=\"row-18\">\n\t<td class=\"column-1\">SD<\/td><td class=\"column-2\">Perfil<\/td><td class=\"column-3\">Sistemas Distribu\u00eddos<\/td>\n<\/tr>\n<tr class=\"row-19\">\n\t<td class=\"column-1\">SDVM<\/td><td class=\"column-2\">Perfil<\/td><td class=\"column-3\">Desenvolvimento, Valida\u00e7\u00e3o e Manuten\u00e7\u00e3o de Software<\/td>\n<\/tr>\n<tr class=\"row-20\">\n\t<td class=\"column-1\">SI<\/td><td class=\"column-2\">Perfil<\/td><td class=\"column-3\">Sistemas Inteligentes<\/td>\n<\/tr>\n<tr class=\"row-21\">\n\t<td class=\"column-1\">CB<\/td><td class=\"column-2\">\u00c1rea cient\u00edfica<\/td><td class=\"column-3\">Ci\u00eancias b\u00e1sicas<\/td>\n<\/tr>\n<tr class=\"row-22\">\n\t<td class=\"column-1\">EI<\/td><td class=\"column-2\">\u00c1rea cient\u00edfica<\/td><td class=\"column-3\">Engenharia inform\u00e1tica<\/td>\n<\/tr>\n<tr class=\"row-23\">\n\t<td class=\"column-1\">CE<\/td><td class=\"column-2\">\u00c1rea cient\u00edfica<\/td><td class=\"column-3\">Ci\u00eancias da engenharia<\/td>\n<\/tr>\n<tr class=\"row-24\">\n\t<td class=\"column-1\">QAC<\/td><td class=\"column-2\">\u00c1rea cient\u00edfica<\/td><td class=\"column-3\">?<\/td>\n<\/tr>\n<tr class=\"row-25\">\n\t<td class=\"column-1\">QAE<\/td><td class=\"column-2\">\u00c1rea cient\u00edfica<\/td><td class=\"column-3\">?<\/td>\n<\/tr>\n<\/tbody>\n<\/table>\n<!-- #tablepress-8 from cache --><\/p>\t\t\t\t\t\t\t\t<\/div>\n\t\t\t\t<\/div>\n\t\t\t\t\t<\/div>\n\t\t<\/div>\n\t\t\t\t\t<\/div>\n\t\t<\/section>\n\t\t\t\t<\/div>\n\t\t","protected":false},"excerpt":{"rendered":"<p>Dicion\u00e1rio de abreviaturas<\/p>\n","protected":false},"author":5,"featured_media":0,"parent":0,"menu_order":0,"comment_status":"closed","ping_status":"closed","template":"","meta":{"_exactmetrics_skip_tracking":false,"_exactmetrics_sitenote_active":false,"_exactmetrics_sitenote_note":"","_exactmetrics_sitenote_category":0,"_themeisle_gutenberg_block_has_review":false,"footnotes":""},"class_list":["post-1836","page","type-page","status-publish","hentry"],"_links":{"self":[{"href":"https:\/\/web.di.uminho.pt\/sitedi\/wp-json\/wp\/v2\/pages\/1836","targetHints":{"allow":["GET"]}}],"collection":[{"href":"https:\/\/web.di.uminho.pt\/sitedi\/wp-json\/wp\/v2\/pages"}],"about":[{"href":"https:\/\/web.di.uminho.pt\/sitedi\/wp-json\/wp\/v2\/types\/page"}],"author":[{"embeddable":true,"href":"https:\/\/web.di.uminho.pt\/sitedi\/wp-json\/wp\/v2\/users\/5"}],"replies":[{"embeddable":true,"href":"https:\/\/web.di.uminho.pt\/sitedi\/wp-json\/wp\/v2\/comments?post=1836"}],"version-history":[{"count":16,"href":"https:\/\/web.di.uminho.pt\/sitedi\/wp-json\/wp\/v2\/pages\/1836\/revisions"}],"predecessor-version":[{"id":1991,"href":"https:\/\/web.di.uminho.pt\/sitedi\/wp-json\/wp\/v2\/pages\/1836\/revisions\/1991"}],"wp:attachment":[{"href":"https:\/\/web.di.uminho.pt\/sitedi\/wp-json\/wp\/v2\/media?parent=1836"}],"curies":[{"name":"wp","href":"https:\/\/api.w.org\/{rel}","templated":true}]}}