{"id":3075,"date":"2022-10-09T15:02:17","date_gmt":"2022-10-09T15:02:17","guid":{"rendered":"https:\/\/web.di.uminho.pt\/sitedi\/?page_id=3075"},"modified":"2024-05-08T11:19:53","modified_gmt":"2024-05-08T11:19:53","slug":"latex","status":"publish","type":"page","link":"https:\/\/web.di.uminho.pt\/sitedi\/latex\/","title":{"rendered":"Templates LaTeX para disserta\u00e7\u00e3o"},"content":{"rendered":"\t\t<div data-elementor-type=\"wp-page\" data-elementor-id=\"3075\" class=\"elementor elementor-3075\">\n\t\t\t\t\t\t<section class=\"ob-is-breaking-bad elementor-section elementor-top-section elementor-element elementor-element-6a685e27 elementor-section-boxed elementor-section-height-default elementor-section-height-default\" data-id=\"6a685e27\" data-element_type=\"section\" data-e-type=\"section\" data-settings=\"{&quot;_ob_bbad_use_it&quot;:&quot;yes&quot;,&quot;_ob_bbad_sssic_use&quot;:&quot;no&quot;,&quot;_ob_glider_is_slider&quot;:&quot;no&quot;}\">\n\t\t\t\t\t\t<div class=\"elementor-container elementor-column-gap-default\">\n\t\t\t\t\t<div class=\"elementor-column elementor-col-100 elementor-top-column elementor-element elementor-element-7a42427d\" data-id=\"7a42427d\" data-element_type=\"column\" data-e-type=\"column\" data-settings=\"{&quot;_ob_bbad_is_stalker&quot;:&quot;no&quot;,&quot;_ob_teleporter_use&quot;:false,&quot;_ob_column_hoveranimator&quot;:&quot;no&quot;,&quot;_ob_column_has_pseudo&quot;:&quot;no&quot;}\">\n\t\t\t<div class=\"elementor-widget-wrap elementor-element-populated\">\n\t\t\t\t\t\t<div class=\"elementor-element elementor-element-1d45cf6f ob-harakiri-inherit ob-has-background-overlay elementor-widget elementor-widget-text-editor\" data-id=\"1d45cf6f\" data-element_type=\"widget\" data-e-type=\"widget\" data-settings=\"{&quot;_ob_use_harakiri&quot;:&quot;yes&quot;,&quot;_ob_harakiri_writing_mode&quot;:&quot;inherit&quot;,&quot;_ob_postman_use&quot;:&quot;no&quot;,&quot;_ob_perspektive_use&quot;:&quot;no&quot;,&quot;_ob_poopart_use&quot;:&quot;yes&quot;,&quot;_ob_shadough_use&quot;:&quot;no&quot;,&quot;_ob_allow_hoveranimator&quot;:&quot;no&quot;,&quot;_ob_widget_stalker_use&quot;:&quot;no&quot;}\" data-widget_type=\"text-editor.default\">\n\t\t\t\t<div class=\"elementor-widget-container\">\n\t\t\t\t\t\t\t\t\t<h5>Introdu\u00e7\u00e3o<\/h5>\nOs\u00a0 ficheiros seguintes cont\u00eam <em>templates<\/em> em <a href=\"https:\/\/ctan.org\/\">LaTeX<\/a> para a escrita de disserta\u00e7\u00f5es formatadas de acordo com as <a href=\"https:\/\/alunos.uminho.pt\/PT\/estudantes\/Paginas\/InfoUteisFormatacao.aspx\">normas<\/a> impostas pela Universidade do Minho:\n<ul><li><strong>Disserta\u00e7\u00e3o de mestrado<\/strong> &#8211; <a href=\"https:\/\/www.di.uminho.pt\/~jno\/sitedi\/msc_latex_template.zip\">EN<\/a> | <a href=\"https:\/\/www.di.uminho.pt\/~jno\/sitedi\/msc_latex_template_pt.zip\">PT<\/a><\/li><li><strong>Disserta\u00e7\u00e3o de doutoramento<\/strong> &#8211; <a href=\"https:\/\/www.di.uminho.pt\/~jno\/sitedi\/phd_latex_template.zip\">EN<\/a> | <a href=\"https:\/\/www.di.uminho.pt\/~jno\/sitedi\/phd_latex_template_pt.zip\">PT<\/a><\/li><\/ul>Os <em>templates<\/em> s\u00e3o param\u00e9tricos quanto \u00e0 Escola e\/ou Curso que se esteja a frequentar.\n\n<p>Recomenda-se o uso do portal <a href=\"https:\/\/www.overleaf.com\/\">Overleaf<\/a>, conforme consta das instru\u00e7\u00f5es que se seguem.\n\n<p>O <strong>DIUM<\/strong> agradece ao mestrando <a href=\"https:\/\/www.linkedin.com\/in\/paulo-ricardo-pereira-ba9756222\/\">Paulo Pereira<\/a> o seu trabalho e empenho em tornar \u00fatil \u00e0 universidade um template anterior espec\u00edfico para o MEI.\n\n<h5><\/h5>\n<h5>INSTRU\u00c7\u00d5ES<\/h5>\n<ul>\n \t<li>No <a href=\"https:\/\/www.overleaf.com\/\">Overleaf<\/a>, selecionar:\n<a style=\"font-family: Courier;color: brown\"> New Project &gt; Upload Project<\/a>\ne fazer upload do ficheiro <a style=\"font-family: Courier;color: brown\">zip<\/a>.\n<li>Uma vez aberto o projeto, certificar-se de que o compilador usado \u00e9 o XeLaTeX. Para isso, selecionar:\n<a style=\"font-family: Courier;color: brown\"> Menu &gt; Compiler<\/a>\ne selecionar XeLaTeX.\n<li>A capa e a folha de rosto s\u00e3o editadas nos ficheiros\n<a style=\"font-family: Courier;color: brown\">dissertation.tex<\/a>.\n<li>Logotipos: para se ter, por exemplo, o logotipo da Escola de Engenharia deve-se deixar as seguintes linhas,\n<pre>\n\\logo{EE}{School of Engineering}{}\n\\logoB{EE}{School of Engineering}{}\n<\/pre>\ne comentar as restantes. (Um coment\u00e1rio em LaTeX \u00e9 iniciado com um %).\n<li>De seguida, deve-se preencher\n\t<pre>\n\\author{Author's full name}\n\n\\titleA{Title Title Title Title Title Title}\n\\titleB{Title Title Title Title Title}\n\\titleC{Title Title Title Title}\n\n\\masters{Master's in Informatics Engineering}\n%\\area{Area of specialization}\n\\supervisor{Supervisor Name}\n\\cosupervisor{Co-Supervisor Name}\n<\/pre>\ndeixando comentadas as linhas que n\u00e3o s\u00e3o para apresentar. Por exemplo, neste caso, a \u00e1rea de especializa\u00e7\u00e3o n\u00e3o iria aparecer.\n<li>Na p\u00e1gina iv, onde se encontra o <strong>Statement of Integrity<\/strong>, foi deixado espa\u00e7o vertical entre <em>University of Minho, Braga<\/em>, e o nome do aluno para depois se poder incluir a assinatura digital.<\/li>\n<li>\nPara compilar localmente, dever\u00e1 executar-se:\n<pre>\n$ xelatex dissertation.tex \n$ bibtex dissertation.aux\n$ makeindex dissertation\n$ makeglossaries dissertation\n$ xelatex dissertation.tex \n<\/pre>\n(<strong>NB<\/strong>: para esta op\u00e7\u00e3o \u00e9 preciso ter XeLaTeX instalado.)<\/li>\n<\/ul>\n\n<h5>FAQs<\/h5>\n\t\t\t\t\t\t\t\t<\/div>\n\t\t\t\t<\/div>\n\t\t\t\t\t<\/div>\n\t\t<\/div>\n\t\t\t\t\t<\/div>\n\t\t<\/section>\n\t\t\t\t<\/div>\n\t\t","protected":false},"excerpt":{"rendered":"<p>Nullam ut tempor eros. Donec faucibus, velit et imperdiet aliquam, lacus velit luctus urna, vitae porttitor orci libero id felis.<\/p>\n","protected":false},"author":5,"featured_media":18,"parent":0,"menu_order":0,"comment_status":"closed","ping_status":"closed","template":"","meta":{"_exactmetrics_skip_tracking":false,"_exactmetrics_sitenote_active":false,"_exactmetrics_sitenote_note":"","_exactmetrics_sitenote_category":0,"_themeisle_gutenberg_block_has_review":false,"footnotes":""},"class_list":["post-3075","page","type-page","status-publish","has-post-thumbnail","hentry"],"_links":{"self":[{"href":"https:\/\/web.di.uminho.pt\/sitedi\/wp-json\/wp\/v2\/pages\/3075","targetHints":{"allow":["GET"]}}],"collection":[{"href":"https:\/\/web.di.uminho.pt\/sitedi\/wp-json\/wp\/v2\/pages"}],"about":[{"href":"https:\/\/web.di.uminho.pt\/sitedi\/wp-json\/wp\/v2\/types\/page"}],"author":[{"embeddable":true,"href":"https:\/\/web.di.uminho.pt\/sitedi\/wp-json\/wp\/v2\/users\/5"}],"replies":[{"embeddable":true,"href":"https:\/\/web.di.uminho.pt\/sitedi\/wp-json\/wp\/v2\/comments?post=3075"}],"version-history":[{"count":50,"href":"https:\/\/web.di.uminho.pt\/sitedi\/wp-json\/wp\/v2\/pages\/3075\/revisions"}],"predecessor-version":[{"id":3741,"href":"https:\/\/web.di.uminho.pt\/sitedi\/wp-json\/wp\/v2\/pages\/3075\/revisions\/3741"}],"wp:featuredmedia":[{"embeddable":true,"href":"https:\/\/web.di.uminho.pt\/sitedi\/wp-json\/"}],"wp:attachment":[{"href":"https:\/\/web.di.uminho.pt\/sitedi\/wp-json\/wp\/v2\/media?parent=3075"}],"curies":[{"name":"wp","href":"https:\/\/api.w.org\/{rel}","templated":true}]}}