{"id":3319,"date":"2023-01-04T19:00:18","date_gmt":"2023-01-04T19:00:18","guid":{"rendered":"https:\/\/web.di.uminho.pt\/sitedi\/?page_id=3319"},"modified":"2024-07-14T12:01:41","modified_gmt":"2024-07-14T12:01:41","slug":"historial","status":"publish","type":"page","link":"https:\/\/web.di.uminho.pt\/sitedi\/historial\/","title":{"rendered":"Historial"},"content":{"rendered":"\t\t<div data-elementor-type=\"wp-page\" data-elementor-id=\"3319\" class=\"elementor elementor-3319\">\n\t\t\t\t\t\t<section class=\"ob-is-breaking-bad elementor-section elementor-top-section elementor-element elementor-element-6a685e27 elementor-section-boxed elementor-section-height-default elementor-section-height-default\" data-id=\"6a685e27\" data-element_type=\"section\" data-e-type=\"section\" data-settings=\"{&quot;_ob_bbad_use_it&quot;:&quot;yes&quot;,&quot;_ob_bbad_sssic_use&quot;:&quot;no&quot;,&quot;_ob_glider_is_slider&quot;:&quot;no&quot;}\">\n\t\t\t\t\t\t<div class=\"elementor-container elementor-column-gap-default\">\n\t\t\t\t\t<div class=\"elementor-column elementor-col-100 elementor-top-column elementor-element elementor-element-7a42427d\" data-id=\"7a42427d\" data-element_type=\"column\" data-e-type=\"column\" data-settings=\"{&quot;_ob_bbad_is_stalker&quot;:&quot;no&quot;,&quot;_ob_teleporter_use&quot;:false,&quot;_ob_column_hoveranimator&quot;:&quot;no&quot;,&quot;_ob_column_has_pseudo&quot;:&quot;no&quot;}\">\n\t\t\t<div class=\"elementor-widget-wrap elementor-element-populated\">\n\t\t\t\t\t\t<div class=\"elementor-element elementor-element-1d45cf6f ob-harakiri-inherit ob-has-background-overlay elementor-widget elementor-widget-text-editor\" data-id=\"1d45cf6f\" data-element_type=\"widget\" data-e-type=\"widget\" data-settings=\"{&quot;_ob_use_harakiri&quot;:&quot;yes&quot;,&quot;_ob_harakiri_writing_mode&quot;:&quot;inherit&quot;,&quot;_ob_postman_use&quot;:&quot;no&quot;,&quot;_ob_perspektive_use&quot;:&quot;no&quot;,&quot;_ob_poopart_use&quot;:&quot;yes&quot;,&quot;_ob_shadough_use&quot;:&quot;no&quot;,&quot;_ob_allow_hoveranimator&quot;:&quot;no&quot;,&quot;_ob_widget_stalker_use&quot;:&quot;no&quot;}\" data-widget_type=\"text-editor.default\">\n\t\t\t\t<div class=\"elementor-widget-container\">\n\t\t\t\t\t\t\t\t\t\nO <a href=\"https:\/\/web.di.uminho.pt\/sitedi\/\"><strong>DIUM<\/strong> <\/a>apostou desde muito cedo na\u00a0 sua presen\u00e7a na internet, fornecendo informa\u00e7\u00e3o on-line, no WWW, desde h\u00e1 cerca de trinta anos\u00a0 (&gt;1993).\n\nSeguem-se algumas p\u00e1ginas que documentam a hist\u00f3ria desse percurso, tal como ficaram arquivadas em <a href=\"https:\/\/www.youtube.com\/watch?v=EnSys0HDnCc&amp;t=2s\">Arquivo.pt:<\/a>\n<ul>\n   <li><a href=\"https:\/\/arquivo.pt\/wayback\/19961013145852\/http:\/\/www.di.uminho.pt\/\">P\u00e1gina inicial<\/a> do Departamento (s\/d, arquivada em Out. 1996) sendo ent\u00e3o seu Director o <a href=\"https:\/\/arquivo.pt\/wayback\/19961013202740\/http:\/\/shiva.di.uminho.pt:80\/~jmv\/\">Prof Jos\u00e9 Manual Valen\u00e7a<\/a><\/li>\n   <li><a href=\"https:\/\/arquivo.pt\/wayback\/19961013145852\/http:\/\/s700.uminho.pt\/homepage-pt.html\">\u00abHome Page\u00bb de Portugal<\/a> (Outubro de 1996) e p\u00e1gina da <a href=\"https:\/\/arquivo.pt\/wayback\/19961013145920\/http:\/\/s700.uminho.pt:80\/europa.html\">Europa<\/a> (mesma data)<\/li>\n   <li><a href=\"https:\/\/arquivo.pt\/wayback\/19961013202740\/http:\/\/mes01.di.uminho.pt:80\/Cursos\/licenciaturas.html\">Licenciaturas<\/a> (Nov. 1994)<\/li>\n   <li><a href=\"https:\/\/arquivo.pt\/wayback\/19961013202742\/http:\/\/s700.uminho.pt:80\/DI\/disc.html\">Disciplinas leccionadas<\/a> (1995\/96)<\/li>\n   <li><a href=\"https:\/\/arquivo.pt\/wayback\/19961013202746\/http:\/\/s700.uminho.pt:80\/ind_grup.html\">Grupos de investiga\u00e7\u00e3o<\/a> (Dez. 1995)<\/li>\n   <li><a href=\"https:\/\/arquivo.pt\/wayback\/19961013202756\/http:\/\/s700.uminho.pt:80\/ind_proj.html\">Projectos de I&amp;D<\/a> (Fev. 1996)<\/li>\n   <li><a href=\"https:\/\/arquivo.pt\/wayback\/19961013202800\/http:\/\/s700.uminho.pt:80\/ind_org.html\">Eventos<\/a> (Fev. 1996) inc. Confer\u00eancia WWW Regional (6, 7 e 8 de Julho de 1995) patrocinada pelo <a href=\"https:\/\/www.w3.org\/Conferences\/WWW4\/951017_News.html\">W3C<\/a><\/li>\n   <li><a href=\"https:\/\/arquivo.pt\/wayback\/19961013202812\/http:\/\/www.di.uminho.pt:80\/~bibdi\/\">Publica\u00e7\u00f5es<\/a> (Out. 1996)<\/li>\n   <li><a href=\"https:\/\/arquivo.pt\/wayback\/19961013202756\/http:\/\/s700.uminho.pt:80\/ind_proj.html#ge\">Grupos de estudantes<\/a> (Fev. 1996)<\/li>\n   <li>Gest\u00e3o de <a href=\"https:\/\/arquivo.pt\/wayback\/19961013202742\/http:\/\/wwwalu.ci.uminho.pt:8888\/~si10871\/\">projectos de est\u00e1gio<\/a> (Jan. 1996)<\/li>\n   <li><a href=\"https:\/\/arquivo.pt\/wayback\/19961013175614\/http:\/\/www.di.uminho.pt:80\/PRAXIS\/\">Regulamento de bolsas Praxis XXI<\/a> (Jan. 1995)<\/li>\n<\/ul>\n\n<strong>Boletins do DIUM<\/strong> (2013 a 2016):\n\n<ul>\n<li><a href=\"https:\/\/wp.di.uminho.pt\/wp-content\/uploads\/2019\/09\/boletim_do_Departamento_de_Informatica_n_1.pdf\">Boletim de abril de 2013<\/a><\/li>\n<li><a href=\"https:\/\/wp.di.uminho.pt\/wp-content\/uploads\/2019\/09\/boletim_do_Departamento_de_Informatica_n_2.pdf\">Boletim de maio de 2013<\/a><\/li>\n<li><a href=\"https:\/\/wp.di.uminho.pt\/wp-content\/uploads\/2019\/09\/boletim_do_Departamento_de_Informatica_n_3.pdf\">Boletim de junho de 2013<\/a><\/li>\n<li><a href=\"https:\/\/wp.di.uminho.pt\/wp-content\/uploads\/2019\/09\/boletim_do_Departamento_de_Informatica_n_4.pdf\">Boletim de julho\/agosto de 2013<\/a><\/li>\n<li><a href=\"https:\/\/wp.di.uminho.pt\/wp-content\/uploads\/2019\/09\/boletim_do_Departamento_de_Informatica_n_5.pdf\">Boletim de setembro de 2013<\/a><\/li>\n<li><a href=\"https:\/\/wp.di.uminho.pt\/wp-content\/uploads\/2019\/09\/boletim_do_Departamento_de_Informatica_n_6.pdf\">Boletim de outubro de 2013<\/a><\/li>\n<li><a href=\"https:\/\/wp.di.uminho.pt\/wp-content\/uploads\/2019\/09\/boletim_do_Departamento_de_Informatica_n_8.pdf\">Boletim de novembro de 2013<\/a><\/li>\n<li><a href=\"https:\/\/wp.di.uminho.pt\/wp-content\/uploads\/2019\/09\/boletim_do_Departamento_de_Informatica_n_9.pdf\">Boletim de dezembro de 2013<\/a><\/li>\n<li><a href=\"https:\/\/wp.di.uminho.pt\/wp-content\/uploads\/2019\/09\/boletim_do_Departamento_de_Informatica_n_10.pdf\">Boletim de janeiro de 2014<\/a><\/li>\n<li><a href=\"https:\/\/wp.di.uminho.pt\/wp-content\/uploads\/2019\/09\/boletim_do_Departamento_de_Informatica_n_11.pdf\">Boletim de fevereiro de 2014<\/a><\/li>\n<li><a href=\"https:\/\/wp.di.uminho.pt\/wp-content\/uploads\/2019\/09\/boletim_do_Departamento_de_Informatica_n_12.pdf\">Boletim de mar\u00e7o de 2014<\/a><\/li>\n<li><a href=\"https:\/\/wp.di.uminho.pt\/wp-content\/uploads\/2019\/09\/boletim_do_Departamento_de_Informatica_n_13.pdf\">Boletim de abril de 2014<\/a><\/li>\n<li><a href=\"https:\/\/wp.di.uminho.pt\/wp-content\/uploads\/2019\/09\/boletim_do_Departamento_de_Informatica_n_14.pdf\">Boletim de maio de 2014<\/a><\/li>\n<li><a href=\"https:\/\/wp.di.uminho.pt\/wp-content\/uploads\/2019\/09\/boletim_do_Departamento_de_Informatica_n_15.pdf\">Boletim de junho de 2014<\/a><\/li>\n<li><a href=\"https:\/\/wp.di.uminho.pt\/wp-content\/uploads\/2019\/09\/boletim_do_Departamento_de_Informatica_n_16.pdf\">Boletim de julho\/agosto de 2014<\/a><\/li>\n<li><a href=\"https:\/\/wp.di.uminho.pt\/wp-content\/uploads\/2019\/09\/boletim_do_Departamento_de_Informatica_n_17.pdf\">Boletim de setembro de 2014<\/a><\/li>\n<li><a href=\"https:\/\/wp.di.uminho.pt\/wp-content\/uploads\/2019\/09\/boletim_do_Departamento_de_Informatica_n_18.pdf\">Boletim de outubro de 2014<\/a><\/li>\n<li><a href=\"https:\/\/wp.di.uminho.pt\/wp-content\/uploads\/2019\/09\/boletim_do_Departamento_de_Informatica_n_19.pdf\">Boletim de novembro de 2014<\/a><\/li>\n<li><a href=\"https:\/\/wp.di.uminho.pt\/wp-content\/uploads\/2019\/09\/boletim_do_Departamento_de_Informatica_n_20.pdf\">Boletim de dezembro de 2014<\/a><\/li>\n<li><a href=\"https:\/\/wp.di.uminho.pt\/wp-content\/uploads\/2019\/09\/boletim_do_Departamento_de_Informatica_n_21.pdf\">Boletim de janeiro de 2015<\/a><\/li>\n<li><a href=\"https:\/\/wp.di.uminho.pt\/wp-content\/uploads\/2019\/09\/boletim_do_Departamento_de_Informatica_n_22.pdf\">Boletim de fevereiro de 2015<\/a><\/li>\n<li><a href=\"https:\/\/wp.di.uminho.pt\/wp-content\/uploads\/2019\/09\/boletim_do_Departamento_de_Informatica_n_23.pdf\">Boletim de mar\u00e7o a dezembro de 2015<\/a><\/li>\n<li><a href=\"https:\/\/wp.di.uminho.pt\/wp-content\/uploads\/2019\/09\/boletim_do_Departamento_de_Informatica_n_24.pdf\">Boletim de janeiro a junho de 2016<\/a><\/li>\n<\/ul>\n\t\t\t\t\t\t\t\t<\/div>\n\t\t\t\t<\/div>\n\t\t\t\t\t<\/div>\n\t\t<\/div>\n\t\t\t\t\t<\/div>\n\t\t<\/section>\n\t\t\t\t<\/div>\n\t\t","protected":false},"excerpt":{"rendered":"<p>Nullam ut tempor eros. Donec faucibus, velit et imperdiet aliquam, lacus velit luctus urna, vitae porttitor orci libero id felis.<\/p>\n","protected":false},"author":5,"featured_media":18,"parent":0,"menu_order":0,"comment_status":"closed","ping_status":"closed","template":"","meta":{"_exactmetrics_skip_tracking":false,"_exactmetrics_sitenote_active":false,"_exactmetrics_sitenote_note":"","_exactmetrics_sitenote_category":0,"_themeisle_gutenberg_block_has_review":false,"footnotes":""},"class_list":["post-3319","page","type-page","status-publish","has-post-thumbnail","hentry"],"_links":{"self":[{"href":"https:\/\/web.di.uminho.pt\/sitedi\/wp-json\/wp\/v2\/pages\/3319","targetHints":{"allow":["GET"]}}],"collection":[{"href":"https:\/\/web.di.uminho.pt\/sitedi\/wp-json\/wp\/v2\/pages"}],"about":[{"href":"https:\/\/web.di.uminho.pt\/sitedi\/wp-json\/wp\/v2\/types\/page"}],"author":[{"embeddable":true,"href":"https:\/\/web.di.uminho.pt\/sitedi\/wp-json\/wp\/v2\/users\/5"}],"replies":[{"embeddable":true,"href":"https:\/\/web.di.uminho.pt\/sitedi\/wp-json\/wp\/v2\/comments?post=3319"}],"version-history":[{"count":61,"href":"https:\/\/web.di.uminho.pt\/sitedi\/wp-json\/wp\/v2\/pages\/3319\/revisions"}],"predecessor-version":[{"id":3852,"href":"https:\/\/web.di.uminho.pt\/sitedi\/wp-json\/wp\/v2\/pages\/3319\/revisions\/3852"}],"wp:featuredmedia":[{"embeddable":true,"href":"https:\/\/web.di.uminho.pt\/sitedi\/wp-json\/"}],"wp:attachment":[{"href":"https:\/\/web.di.uminho.pt\/sitedi\/wp-json\/wp\/v2\/media?parent=3319"}],"curies":[{"name":"wp","href":"https:\/\/api.w.org\/{rel}","templated":true}]}}